{"id":37,"date":"2025-10-26T15:42:46","date_gmt":"2025-10-26T15:42:46","guid":{"rendered":"https:\/\/c-v-z.de\/?page_id=37"},"modified":"2025-11-11T18:36:36","modified_gmt":"2025-11-11T18:36:36","slug":"impressum","status":"publish","type":"page","link":"https:\/\/c-v-z.de\/index.php\/impressum\/","title":{"rendered":"Impressum"},"content":{"rendered":"\n<figure class=\"wp-block-image size-full\"><img decoding=\"async\" width=\"279\" height=\"150\" src=\"https:\/\/c-v-z.de\/wp-content\/uploads\/2025\/11\/CVZ-Adresse-oeyyo52q9xptpw17wnzvx762phkbjnyo0l5rh5czvg.jpg\" alt=\"\" class=\"wp-image-84\"\/><\/figure>\n\n\n\n<p>Vorstand (\u00a726 BGB):<\/p>\n\n\n\n<ul class=\"wp-block-list\">\n<li>1. Vorsitzender: R\u00fcdiger Trapp<\/li>\n\n\n\n<li>2. Vorsitzender: Thomas Krostewitz<\/li>\n\n\n\n<li>1. Schriftf\u00fchrerin: Lisa Santos<\/li>\n\n\n\n<li>1. Kassiererin: \u00a0 \u00a0 \u00a0 Anna Weber<\/li>\n<\/ul>\n\n\n\n<p>eingetragen: Amtsgericht Mainz (VR 2166)<\/p>\n\n\n\n<p>Gerichtsstand: Mainz<\/p>\n\n\n\n<p>Steuer-Nr.: 26\/652\/0014\/0 (Finanzamt Mainz)<\/p>\n\n\n\n<p>Haftungsauschluss: Die Betreiber \u00fcbernehmen keinerlei Gew\u00e4hr f\u00fcr die bereitgestellten Informationen. Haftungsanspr\u00fcche gegen die Betreiber, die durch die Nutzung oder Nichtnutzung der dargestellten Informationen bzw. durch die Nutzung fehlerhafter und unvollst\u00e4ndiger Informationen verursacht wurden, sind grunds\u00e4tzlich ausgeschlossen, sofern seitens der Betreiber kein nachweislich vors\u00e4tzliches oder grob fahrl\u00e4ssiges Verschulden vorliegt.<\/p>\n\n\n\n<p>Links: Das Landgericht Hamburg hat mit Urteil vom 12.05.1998 entschieden, dass man durch die Ausbringung eines Links die Inhalte der gelinkten Seite ggf. mit zu verantworten hat.\u2028 Dies kann \u2013 so das LG \u2013 nur dadurch verhindert werden, dass man sich ausdr\u00fccklich von diesen Inhalten distanziert. Wir haben auf diesen Seiten Links zu anderen Seiten im Internet gelegt. F\u00fcr alle diese Links gilt:\u2028 Wir betonen ausdr\u00fccklich, dass wir keinerlei Einfluss auf die Gestaltung und die Inhalte der gelinkten Seiten haben. Deshalb distanzieren wir uns hiermit ausdr\u00fccklich von allen Inhalten aller gelinkten Seiten auf dieser gesamten Webseite inkl. aller Unterseiten.\u2028 Diese Erkl\u00e4rung gilt f\u00fcr alle auf unserer Homepage aufgef\u00fchrten Links und f\u00fcr alle Inhalte der Seiten, zu denen Links oder Banner f\u00fchren.<\/p>\n\n\n\n<p>Datenschutz<\/p>\n\n\n\n<p><strong>Allgemeine Datenschutzerkl\u00e4rung<\/strong><\/p>\n\n\n\n<p>Durch die Nutzung unserer Website erkl\u00e4ren Sie sich mit der Erhebung, Verarbeitung und Nutzung von Daten gem\u00e4\u00df der nachfolgenden Beschreibung einverstanden. Unsere Website kann grunds\u00e4tzlich ohne Registrierung besucht werden. Dabei werden Daten wie beispielsweise aufgerufene Seiten bzw. Namen der abgerufenen Datei, Datum und Uhrzeit zu statistischen Zwecken auf dem Server gespeichert, ohne dass diese Daten unmittelbar auf Ihre Person bezogen werden. Personenbezogene Daten, insbesondere Name, Adresse oder E-Mail-Adresse werden soweit m\u00f6glich auf freiwilliger Basis erhoben. Ohne Ihre Einwilligung erfolgt keine Weitergabe der Daten an Dritte.<\/p>\n\n\n\n<p><strong>Datenschutzerkl\u00e4rung f\u00fcr Cookies<\/strong><\/p>\n\n\n\n<p>Unsere Website verwendet Cookies. Das sind kleine Textdateien, die es m\u00f6glich machen, auf dem Endger\u00e4t des Nutzers spezifische, auf den Nutzer bezogene Informationen zu speichern, w\u00e4hrend er die Website nutzt. Cookies erm\u00f6glichen es, insbesondere Nutzungsh\u00e4ufigkeit und Nutzeranzahl der Seiten zu ermitteln, Verhaltensweisen der Seitennutzung zu analysieren, aber auch unser Angebot kundenfreundlicher zu gestalten. Cookies bleiben \u00fcber das Ende einer Browser-Sitzung gespeichert und k\u00f6nnen bei einem erneuten Seitenbesuch wieder aufgerufen werden. Wenn Sie das nicht w\u00fcnschen, sollten Sie Ihren Internetbrowser so einstellen, dass er die Annahme von Cookies verweigert.<\/p>\n\n\n\n<p>Quelle: <a href=\"https:\/\/www.anwalt.de\/vorlage\/muster-datenschutzerklaerung.php\">Muster-Datenschutzerkl\u00e4rung von anwalt.de<\/a><\/p>\n","protected":false},"excerpt":{"rendered":"<p>Vorstand (\u00a726 BGB): eingetragen: Amtsgericht Mainz (VR 2166) Gerichtsstand: Mainz Steuer-Nr.: 26\/652\/0014\/0 (Finanzamt Mainz) Haftungsauschluss: Die Betreiber \u00fcbernehmen keinerlei Gew\u00e4hr f\u00fcr die bereitgestellten Informationen. Haftungsanspr\u00fcche gegen die Betreiber, die durch die Nutzung oder Nichtnutzung der dargestellten Informationen bzw. durch die Nutzung fehlerhafter und unvollst\u00e4ndiger Informationen verursacht wurden, sind grunds\u00e4tzlich ausgeschlossen, sofern seitens der Betreiber kein [&hellip;]<\/p>\n","protected":false},"author":2,"featured_media":0,"parent":0,"menu_order":0,"comment_status":"closed","ping_status":"closed","template":"","meta":{"footnotes":""},"class_list":["post-37","page","type-page","status-publish","hentry"],"yoast_head":"<!-- This site is optimized with the Yoast SEO plugin v26.3 - https:\/\/yoast.com\/wordpress\/plugins\/seo\/ -->\n<title>Impressum - Carneval-Verein Zornheim 1931 e.V.<\/title>\n<meta name=\"robots\" content=\"index, follow, max-snippet:-1, max-image-preview:large, max-video-preview:-1\" \/>\n<link rel=\"canonical\" href=\"https:\/\/c-v-z.de\/index.php\/impressum\/\" \/>\n<meta property=\"og:locale\" content=\"de_DE\" \/>\n<meta property=\"og:type\" content=\"article\" \/>\n<meta property=\"og:title\" content=\"Impressum - Carneval-Verein Zornheim 1931 e.V.\" \/>\n<meta property=\"og:description\" content=\"Vorstand (\u00a726 BGB): eingetragen: Amtsgericht Mainz (VR 2166) Gerichtsstand: Mainz Steuer-Nr.: 26\/652\/0014\/0 (Finanzamt Mainz) Haftungsauschluss: Die Betreiber \u00fcbernehmen keinerlei Gew\u00e4hr f\u00fcr die bereitgestellten Informationen. Haftungsanspr\u00fcche gegen die Betreiber, die durch die Nutzung oder Nichtnutzung der dargestellten Informationen bzw. durch die Nutzung fehlerhafter und unvollst\u00e4ndiger Informationen verursacht wurden, sind grunds\u00e4tzlich ausgeschlossen, sofern seitens der Betreiber kein [&hellip;]\" \/>\n<meta property=\"og:url\" content=\"https:\/\/c-v-z.de\/index.php\/impressum\/\" \/>\n<meta property=\"og:site_name\" content=\"Carneval-Verein Zornheim 1931 e.V.\" \/>\n<meta property=\"article:modified_time\" content=\"2025-11-11T18:36:36+00:00\" \/>\n<meta property=\"og:image\" content=\"https:\/\/c-v-z.de\/wp-content\/uploads\/2025\/11\/CVZ-Adresse-oeyyo52q9xptpw17wnzvx762phkbjnyo0l5rh5czvg.jpg\" \/>\n\t<meta property=\"og:image:width\" content=\"279\" \/>\n\t<meta property=\"og:image:height\" content=\"150\" \/>\n\t<meta property=\"og:image:type\" content=\"image\/jpeg\" \/>\n<meta name=\"twitter:card\" content=\"summary_large_image\" \/>\n<script type=\"application\/ld+json\" class=\"yoast-schema-graph\">{\"@context\":\"https:\/\/schema.org\",\"@graph\":[{\"@type\":\"WebPage\",\"@id\":\"https:\/\/c-v-z.de\/index.php\/impressum\/\",\"url\":\"https:\/\/c-v-z.de\/index.php\/impressum\/\",\"name\":\"Impressum - Carneval-Verein Zornheim 1931 e.V.\",\"isPartOf\":{\"@id\":\"https:\/\/c-v-z.de\/#website\"},\"primaryImageOfPage\":{\"@id\":\"https:\/\/c-v-z.de\/index.php\/impressum\/#primaryimage\"},\"image\":{\"@id\":\"https:\/\/c-v-z.de\/index.php\/impressum\/#primaryimage\"},\"thumbnailUrl\":\"https:\/\/c-v-z.de\/wp-content\/uploads\/2025\/11\/CVZ-Adresse-oeyyo52q9xptpw17wnzvx762phkbjnyo0l5rh5czvg.jpg\",\"datePublished\":\"2025-10-26T15:42:46+00:00\",\"dateModified\":\"2025-11-11T18:36:36+00:00\",\"breadcrumb\":{\"@id\":\"https:\/\/c-v-z.de\/index.php\/impressum\/#breadcrumb\"},\"inLanguage\":\"de\",\"potentialAction\":[{\"@type\":\"ReadAction\",\"target\":[\"https:\/\/c-v-z.de\/index.php\/impressum\/\"]}]},{\"@type\":\"ImageObject\",\"inLanguage\":\"de\",\"@id\":\"https:\/\/c-v-z.de\/index.php\/impressum\/#primaryimage\",\"url\":\"https:\/\/c-v-z.de\/wp-content\/uploads\/2025\/11\/CVZ-Adresse-oeyyo52q9xptpw17wnzvx762phkbjnyo0l5rh5czvg.jpg\",\"contentUrl\":\"https:\/\/c-v-z.de\/wp-content\/uploads\/2025\/11\/CVZ-Adresse-oeyyo52q9xptpw17wnzvx762phkbjnyo0l5rh5czvg.jpg\",\"width\":279,\"height\":150},{\"@type\":\"BreadcrumbList\",\"@id\":\"https:\/\/c-v-z.de\/index.php\/impressum\/#breadcrumb\",\"itemListElement\":[{\"@type\":\"ListItem\",\"position\":1,\"name\":\"Startseite\",\"item\":\"https:\/\/c-v-z.de\/\"},{\"@type\":\"ListItem\",\"position\":2,\"name\":\"Impressum\"}]},{\"@type\":\"WebSite\",\"@id\":\"https:\/\/c-v-z.de\/#website\",\"url\":\"https:\/\/c-v-z.de\/\",\"name\":\"Carneval-Verein Zornheim 1931 e.V.\",\"description\":\"\",\"publisher\":{\"@id\":\"https:\/\/c-v-z.de\/#organization\"},\"potentialAction\":[{\"@type\":\"SearchAction\",\"target\":{\"@type\":\"EntryPoint\",\"urlTemplate\":\"https:\/\/c-v-z.de\/?s={search_term_string}\"},\"query-input\":{\"@type\":\"PropertyValueSpecification\",\"valueRequired\":true,\"valueName\":\"search_term_string\"}}],\"inLanguage\":\"de\"},{\"@type\":\"Organization\",\"@id\":\"https:\/\/c-v-z.de\/#organization\",\"name\":\"Carneval-Verein Zornheim 1931 e.V.\",\"url\":\"https:\/\/c-v-z.de\/\",\"logo\":{\"@type\":\"ImageObject\",\"inLanguage\":\"de\",\"@id\":\"https:\/\/c-v-z.de\/#\/schema\/logo\/image\/\",\"url\":\"https:\/\/c-v-z.de\/wp-content\/uploads\/2025\/10\/Carneval-Verein-Zornheim.png\",\"contentUrl\":\"https:\/\/c-v-z.de\/wp-content\/uploads\/2025\/10\/Carneval-Verein-Zornheim.png\",\"width\":1200,\"height\":1000,\"caption\":\"Carneval-Verein Zornheim 1931 e.V.\"},\"image\":{\"@id\":\"https:\/\/c-v-z.de\/#\/schema\/logo\/image\/\"}}]}<\/script>\n<!-- \/ Yoast SEO plugin. -->","yoast_head_json":{"title":"Impressum - Carneval-Verein Zornheim 1931 e.V.","robots":{"index":"index","follow":"follow","max-snippet":"max-snippet:-1","max-image-preview":"max-image-preview:large","max-video-preview":"max-video-preview:-1"},"canonical":"https:\/\/c-v-z.de\/index.php\/impressum\/","og_locale":"de_DE","og_type":"article","og_title":"Impressum - Carneval-Verein Zornheim 1931 e.V.","og_description":"Vorstand (\u00a726 BGB): eingetragen: Amtsgericht Mainz (VR 2166) Gerichtsstand: Mainz Steuer-Nr.: 26\/652\/0014\/0 (Finanzamt Mainz) Haftungsauschluss: Die Betreiber \u00fcbernehmen keinerlei Gew\u00e4hr f\u00fcr die bereitgestellten Informationen. Haftungsanspr\u00fcche gegen die Betreiber, die durch die Nutzung oder Nichtnutzung der dargestellten Informationen bzw. durch die Nutzung fehlerhafter und unvollst\u00e4ndiger Informationen verursacht wurden, sind grunds\u00e4tzlich ausgeschlossen, sofern seitens der Betreiber kein [&hellip;]","og_url":"https:\/\/c-v-z.de\/index.php\/impressum\/","og_site_name":"Carneval-Verein Zornheim 1931 e.V.","article_modified_time":"2025-11-11T18:36:36+00:00","og_image":[{"width":279,"height":150,"url":"https:\/\/c-v-z.de\/wp-content\/uploads\/2025\/11\/CVZ-Adresse-oeyyo52q9xptpw17wnzvx762phkbjnyo0l5rh5czvg.jpg","type":"image\/jpeg"}],"twitter_card":"summary_large_image","schema":{"@context":"https:\/\/schema.org","@graph":[{"@type":"WebPage","@id":"https:\/\/c-v-z.de\/index.php\/impressum\/","url":"https:\/\/c-v-z.de\/index.php\/impressum\/","name":"Impressum - Carneval-Verein Zornheim 1931 e.V.","isPartOf":{"@id":"https:\/\/c-v-z.de\/#website"},"primaryImageOfPage":{"@id":"https:\/\/c-v-z.de\/index.php\/impressum\/#primaryimage"},"image":{"@id":"https:\/\/c-v-z.de\/index.php\/impressum\/#primaryimage"},"thumbnailUrl":"https:\/\/c-v-z.de\/wp-content\/uploads\/2025\/11\/CVZ-Adresse-oeyyo52q9xptpw17wnzvx762phkbjnyo0l5rh5czvg.jpg","datePublished":"2025-10-26T15:42:46+00:00","dateModified":"2025-11-11T18:36:36+00:00","breadcrumb":{"@id":"https:\/\/c-v-z.de\/index.php\/impressum\/#breadcrumb"},"inLanguage":"de","potentialAction":[{"@type":"ReadAction","target":["https:\/\/c-v-z.de\/index.php\/impressum\/"]}]},{"@type":"ImageObject","inLanguage":"de","@id":"https:\/\/c-v-z.de\/index.php\/impressum\/#primaryimage","url":"https:\/\/c-v-z.de\/wp-content\/uploads\/2025\/11\/CVZ-Adresse-oeyyo52q9xptpw17wnzvx762phkbjnyo0l5rh5czvg.jpg","contentUrl":"https:\/\/c-v-z.de\/wp-content\/uploads\/2025\/11\/CVZ-Adresse-oeyyo52q9xptpw17wnzvx762phkbjnyo0l5rh5czvg.jpg","width":279,"height":150},{"@type":"BreadcrumbList","@id":"https:\/\/c-v-z.de\/index.php\/impressum\/#breadcrumb","itemListElement":[{"@type":"ListItem","position":1,"name":"Startseite","item":"https:\/\/c-v-z.de\/"},{"@type":"ListItem","position":2,"name":"Impressum"}]},{"@type":"WebSite","@id":"https:\/\/c-v-z.de\/#website","url":"https:\/\/c-v-z.de\/","name":"Carneval-Verein Zornheim 1931 e.V.","description":"","publisher":{"@id":"https:\/\/c-v-z.de\/#organization"},"potentialAction":[{"@type":"SearchAction","target":{"@type":"EntryPoint","urlTemplate":"https:\/\/c-v-z.de\/?s={search_term_string}"},"query-input":{"@type":"PropertyValueSpecification","valueRequired":true,"valueName":"search_term_string"}}],"inLanguage":"de"},{"@type":"Organization","@id":"https:\/\/c-v-z.de\/#organization","name":"Carneval-Verein Zornheim 1931 e.V.","url":"https:\/\/c-v-z.de\/","logo":{"@type":"ImageObject","inLanguage":"de","@id":"https:\/\/c-v-z.de\/#\/schema\/logo\/image\/","url":"https:\/\/c-v-z.de\/wp-content\/uploads\/2025\/10\/Carneval-Verein-Zornheim.png","contentUrl":"https:\/\/c-v-z.de\/wp-content\/uploads\/2025\/10\/Carneval-Verein-Zornheim.png","width":1200,"height":1000,"caption":"Carneval-Verein Zornheim 1931 e.V."},"image":{"@id":"https:\/\/c-v-z.de\/#\/schema\/logo\/image\/"}}]}},"_links":{"self":[{"href":"https:\/\/c-v-z.de\/index.php\/wp-json\/wp\/v2\/pages\/37","targetHints":{"allow":["GET"]}}],"collection":[{"href":"https:\/\/c-v-z.de\/index.php\/wp-json\/wp\/v2\/pages"}],"about":[{"href":"https:\/\/c-v-z.de\/index.php\/wp-json\/wp\/v2\/types\/page"}],"author":[{"embeddable":true,"href":"https:\/\/c-v-z.de\/index.php\/wp-json\/wp\/v2\/users\/2"}],"replies":[{"embeddable":true,"href":"https:\/\/c-v-z.de\/index.php\/wp-json\/wp\/v2\/comments?post=37"}],"version-history":[{"count":5,"href":"https:\/\/c-v-z.de\/index.php\/wp-json\/wp\/v2\/pages\/37\/revisions"}],"predecessor-version":[{"id":196,"href":"https:\/\/c-v-z.de\/index.php\/wp-json\/wp\/v2\/pages\/37\/revisions\/196"}],"wp:attachment":[{"href":"https:\/\/c-v-z.de\/index.php\/wp-json\/wp\/v2\/media?parent=37"}],"curies":[{"name":"wp","href":"https:\/\/api.w.org\/{rel}","templated":true}]}}