{"id":20,"date":"2025-10-22T20:29:55","date_gmt":"2025-10-22T20:29:55","guid":{"rendered":"https:\/\/c-v-z.de\/?page_id=20"},"modified":"2026-04-16T15:34:34","modified_gmt":"2026-04-16T15:34:34","slug":"tg2","status":"publish","type":"page","link":"https:\/\/c-v-z.de\/index.php\/tg2\/","title":{"rendered":"Magic Diamonds"},"content":{"rendered":"\n<p>Die neueste Tanzgruppe des CVZ wurde im Fr\u00fchjahr 2023 gegr\u00fcndet. Sie trainieren freitags von 16.30 &#8211; 18 Uhr in der Lindenplatzhalle und pr\u00e4sentieren ihren Tanz u.a. auf der Zornheimer Kindersitzung.<\/p>\n\n\n\n<p>Mitmachen k\u00f6nnen alle M\u00e4dchen und Jungen zwischen 9-13 Jahren, die Lust haben das Team zu vervollst\u00e4ndigen und die Kampagne t\u00e4nzerisch mitzugestalten. Die Trainerinnen Swenja Kr\u00f6ller-Sch\u00f6n und Claudia Jung freuen sich auf Euch!<\/p>\n\n\n\n<hr class=\"wp-block-separator has-alpha-channel-opacity\"\/>\n\n\n\n<div class=\"wp-block-buttons is-content-justification-center is-layout-flex wp-container-core-buttons-is-layout-a89b3969 wp-block-buttons-is-layout-flex\">\n<div class=\"wp-block-button\"><a class=\"wp-block-button__link wp-element-button\" href=\"mailto:magic-diamonds@c-v-z.de\">Mail an die Magic Diamonds schicken<\/a><\/div>\n<\/div>\n","protected":false},"excerpt":{"rendered":"<p>Die neueste Tanzgruppe des CVZ wurde im Fr\u00fchjahr 2023 gegr\u00fcndet. Sie trainieren freitags von 16.30 &#8211; 18 Uhr in der Lindenplatzhalle und pr\u00e4sentieren ihren Tanz u.a. auf der Zornheimer Kindersitzung. Mitmachen k\u00f6nnen alle M\u00e4dchen und Jungen zwischen 9-13 Jahren, die Lust haben das Team zu vervollst\u00e4ndigen und die Kampagne t\u00e4nzerisch mitzugestalten. Die Trainerinnen Swenja Kr\u00f6ller-Sch\u00f6n [&hellip;]<\/p>\n","protected":false},"author":2,"featured_media":0,"parent":0,"menu_order":0,"comment_status":"closed","ping_status":"closed","template":"","meta":{"footnotes":""},"class_list":["post-20","page","type-page","status-publish","hentry"],"yoast_head":"<!-- This site is optimized with the Yoast SEO plugin v26.3 - https:\/\/yoast.com\/wordpress\/plugins\/seo\/ -->\n<title>Magic Diamonds - Carneval-Verein Zornheim 1931 e.V.<\/title>\n<meta name=\"robots\" content=\"index, follow, max-snippet:-1, max-image-preview:large, max-video-preview:-1\" \/>\n<link rel=\"canonical\" href=\"https:\/\/c-v-z.de\/index.php\/tg2\/\" \/>\n<meta property=\"og:locale\" content=\"de_DE\" \/>\n<meta property=\"og:type\" content=\"article\" \/>\n<meta property=\"og:title\" content=\"Magic Diamonds - Carneval-Verein Zornheim 1931 e.V.\" \/>\n<meta property=\"og:description\" content=\"Die neueste Tanzgruppe des CVZ wurde im Fr\u00fchjahr 2023 gegr\u00fcndet. Sie trainieren freitags von 16.30 &#8211; 18 Uhr in der Lindenplatzhalle und pr\u00e4sentieren ihren Tanz u.a. auf der Zornheimer Kindersitzung. Mitmachen k\u00f6nnen alle M\u00e4dchen und Jungen zwischen 9-13 Jahren, die Lust haben das Team zu vervollst\u00e4ndigen und die Kampagne t\u00e4nzerisch mitzugestalten. Die Trainerinnen Swenja Kr\u00f6ller-Sch\u00f6n [&hellip;]\" \/>\n<meta property=\"og:url\" content=\"https:\/\/c-v-z.de\/index.php\/tg2\/\" \/>\n<meta property=\"og:site_name\" content=\"Carneval-Verein Zornheim 1931 e.V.\" \/>\n<meta property=\"article:modified_time\" content=\"2026-04-16T15:34:34+00:00\" \/>\n<meta name=\"twitter:card\" content=\"summary_large_image\" \/>\n<meta name=\"twitter:label1\" content=\"Gesch\u00e4tzte Lesezeit\" \/>\n\t<meta name=\"twitter:data1\" content=\"1\u00a0Minute\" \/>\n<script type=\"application\/ld+json\" class=\"yoast-schema-graph\">{\"@context\":\"https:\/\/schema.org\",\"@graph\":[{\"@type\":\"WebPage\",\"@id\":\"https:\/\/c-v-z.de\/index.php\/tg2\/\",\"url\":\"https:\/\/c-v-z.de\/index.php\/tg2\/\",\"name\":\"Magic Diamonds - Carneval-Verein Zornheim 1931 e.V.\",\"isPartOf\":{\"@id\":\"https:\/\/c-v-z.de\/#website\"},\"datePublished\":\"2025-10-22T20:29:55+00:00\",\"dateModified\":\"2026-04-16T15:34:34+00:00\",\"breadcrumb\":{\"@id\":\"https:\/\/c-v-z.de\/index.php\/tg2\/#breadcrumb\"},\"inLanguage\":\"de\",\"potentialAction\":[{\"@type\":\"ReadAction\",\"target\":[\"https:\/\/c-v-z.de\/index.php\/tg2\/\"]}]},{\"@type\":\"BreadcrumbList\",\"@id\":\"https:\/\/c-v-z.de\/index.php\/tg2\/#breadcrumb\",\"itemListElement\":[{\"@type\":\"ListItem\",\"position\":1,\"name\":\"Startseite\",\"item\":\"https:\/\/c-v-z.de\/\"},{\"@type\":\"ListItem\",\"position\":2,\"name\":\"Magic Diamonds\"}]},{\"@type\":\"WebSite\",\"@id\":\"https:\/\/c-v-z.de\/#website\",\"url\":\"https:\/\/c-v-z.de\/\",\"name\":\"Carneval-Verein Zornheim 1931 e.V.\",\"description\":\"\",\"publisher\":{\"@id\":\"https:\/\/c-v-z.de\/#organization\"},\"potentialAction\":[{\"@type\":\"SearchAction\",\"target\":{\"@type\":\"EntryPoint\",\"urlTemplate\":\"https:\/\/c-v-z.de\/?s={search_term_string}\"},\"query-input\":{\"@type\":\"PropertyValueSpecification\",\"valueRequired\":true,\"valueName\":\"search_term_string\"}}],\"inLanguage\":\"de\"},{\"@type\":\"Organization\",\"@id\":\"https:\/\/c-v-z.de\/#organization\",\"name\":\"Carneval-Verein Zornheim 1931 e.V.\",\"url\":\"https:\/\/c-v-z.de\/\",\"logo\":{\"@type\":\"ImageObject\",\"inLanguage\":\"de\",\"@id\":\"https:\/\/c-v-z.de\/#\/schema\/logo\/image\/\",\"url\":\"https:\/\/c-v-z.de\/wp-content\/uploads\/2025\/10\/Carneval-Verein-Zornheim.png\",\"contentUrl\":\"https:\/\/c-v-z.de\/wp-content\/uploads\/2025\/10\/Carneval-Verein-Zornheim.png\",\"width\":1200,\"height\":1000,\"caption\":\"Carneval-Verein Zornheim 1931 e.V.\"},\"image\":{\"@id\":\"https:\/\/c-v-z.de\/#\/schema\/logo\/image\/\"}}]}<\/script>\n<!-- \/ Yoast SEO plugin. -->","yoast_head_json":{"title":"Magic Diamonds - Carneval-Verein Zornheim 1931 e.V.","robots":{"index":"index","follow":"follow","max-snippet":"max-snippet:-1","max-image-preview":"max-image-preview:large","max-video-preview":"max-video-preview:-1"},"canonical":"https:\/\/c-v-z.de\/index.php\/tg2\/","og_locale":"de_DE","og_type":"article","og_title":"Magic Diamonds - Carneval-Verein Zornheim 1931 e.V.","og_description":"Die neueste Tanzgruppe des CVZ wurde im Fr\u00fchjahr 2023 gegr\u00fcndet. Sie trainieren freitags von 16.30 &#8211; 18 Uhr in der Lindenplatzhalle und pr\u00e4sentieren ihren Tanz u.a. auf der Zornheimer Kindersitzung. Mitmachen k\u00f6nnen alle M\u00e4dchen und Jungen zwischen 9-13 Jahren, die Lust haben das Team zu vervollst\u00e4ndigen und die Kampagne t\u00e4nzerisch mitzugestalten. Die Trainerinnen Swenja Kr\u00f6ller-Sch\u00f6n [&hellip;]","og_url":"https:\/\/c-v-z.de\/index.php\/tg2\/","og_site_name":"Carneval-Verein Zornheim 1931 e.V.","article_modified_time":"2026-04-16T15:34:34+00:00","twitter_card":"summary_large_image","twitter_misc":{"Gesch\u00e4tzte Lesezeit":"1\u00a0Minute"},"schema":{"@context":"https:\/\/schema.org","@graph":[{"@type":"WebPage","@id":"https:\/\/c-v-z.de\/index.php\/tg2\/","url":"https:\/\/c-v-z.de\/index.php\/tg2\/","name":"Magic Diamonds - Carneval-Verein Zornheim 1931 e.V.","isPartOf":{"@id":"https:\/\/c-v-z.de\/#website"},"datePublished":"2025-10-22T20:29:55+00:00","dateModified":"2026-04-16T15:34:34+00:00","breadcrumb":{"@id":"https:\/\/c-v-z.de\/index.php\/tg2\/#breadcrumb"},"inLanguage":"de","potentialAction":[{"@type":"ReadAction","target":["https:\/\/c-v-z.de\/index.php\/tg2\/"]}]},{"@type":"BreadcrumbList","@id":"https:\/\/c-v-z.de\/index.php\/tg2\/#breadcrumb","itemListElement":[{"@type":"ListItem","position":1,"name":"Startseite","item":"https:\/\/c-v-z.de\/"},{"@type":"ListItem","position":2,"name":"Magic Diamonds"}]},{"@type":"WebSite","@id":"https:\/\/c-v-z.de\/#website","url":"https:\/\/c-v-z.de\/","name":"Carneval-Verein Zornheim 1931 e.V.","description":"","publisher":{"@id":"https:\/\/c-v-z.de\/#organization"},"potentialAction":[{"@type":"SearchAction","target":{"@type":"EntryPoint","urlTemplate":"https:\/\/c-v-z.de\/?s={search_term_string}"},"query-input":{"@type":"PropertyValueSpecification","valueRequired":true,"valueName":"search_term_string"}}],"inLanguage":"de"},{"@type":"Organization","@id":"https:\/\/c-v-z.de\/#organization","name":"Carneval-Verein Zornheim 1931 e.V.","url":"https:\/\/c-v-z.de\/","logo":{"@type":"ImageObject","inLanguage":"de","@id":"https:\/\/c-v-z.de\/#\/schema\/logo\/image\/","url":"https:\/\/c-v-z.de\/wp-content\/uploads\/2025\/10\/Carneval-Verein-Zornheim.png","contentUrl":"https:\/\/c-v-z.de\/wp-content\/uploads\/2025\/10\/Carneval-Verein-Zornheim.png","width":1200,"height":1000,"caption":"Carneval-Verein Zornheim 1931 e.V."},"image":{"@id":"https:\/\/c-v-z.de\/#\/schema\/logo\/image\/"}}]}},"_links":{"self":[{"href":"https:\/\/c-v-z.de\/index.php\/wp-json\/wp\/v2\/pages\/20","targetHints":{"allow":["GET"]}}],"collection":[{"href":"https:\/\/c-v-z.de\/index.php\/wp-json\/wp\/v2\/pages"}],"about":[{"href":"https:\/\/c-v-z.de\/index.php\/wp-json\/wp\/v2\/types\/page"}],"author":[{"embeddable":true,"href":"https:\/\/c-v-z.de\/index.php\/wp-json\/wp\/v2\/users\/2"}],"replies":[{"embeddable":true,"href":"https:\/\/c-v-z.de\/index.php\/wp-json\/wp\/v2\/comments?post=20"}],"version-history":[{"count":6,"href":"https:\/\/c-v-z.de\/index.php\/wp-json\/wp\/v2\/pages\/20\/revisions"}],"predecessor-version":[{"id":282,"href":"https:\/\/c-v-z.de\/index.php\/wp-json\/wp\/v2\/pages\/20\/revisions\/282"}],"wp:attachment":[{"href":"https:\/\/c-v-z.de\/index.php\/wp-json\/wp\/v2\/media?parent=20"}],"curies":[{"name":"wp","href":"https:\/\/api.w.org\/{rel}","templated":true}]}}