{"id":18,"date":"2025-10-22T20:29:41","date_gmt":"2025-10-22T20:29:41","guid":{"rendered":"https:\/\/c-v-z.de\/?page_id=18"},"modified":"2026-04-16T15:27:37","modified_gmt":"2026-04-16T15:27:37","slug":"tg1","status":"publish","type":"page","link":"https:\/\/c-v-z.de\/index.php\/tg1\/","title":{"rendered":"CVZ Zwerge"},"content":{"rendered":"\n<p>Die CVZ-Zwerge, sind die \u201ej\u00fcngste\u201c Tanzgruppe des Vereins. Hier tanzen und bewegen sich Kinder im Alter von 2-6 Jahren, mit Begeisterung zur Musik. Mit Bewegungsliedern und Musik lernen die Kinder, mit viel Spa\u00df, sich rhythmisch zu bewegen.<\/p>\n\n\n\n<p class=\"has-text-align-left\">Seit 2019 sind sie fester Bestandteil der Zornheimer Kindersitzung und zeigen ihren t\u00e4nzerischen Spa\u00df auf der B\u00fchne.<\/p>\n\n\n\n<p class=\"has-text-align-left\">Diese Gruppe besteht seit April 2018 und trifft sich jeden Freitag von 15 &#8211; 16 Uhr in der Lindenplatzhalle (alte Turnhalle).Trainiert werden sie von Sandra Trapp, Theresa Trapp und Mariella Dreger. <\/p>\n\n\n\n<hr class=\"wp-block-separator has-alpha-channel-opacity\"\/>\n\n\n\n<div class=\"wp-block-buttons is-content-justification-center is-layout-flex wp-container-core-buttons-is-layout-a89b3969 wp-block-buttons-is-layout-flex\">\n<div class=\"wp-block-button\"><a class=\"wp-block-button__link wp-element-button\" href=\"mailto:zwerge@c-v-z.de\">Mail an die Zwerge schicken<\/a><\/div>\n<\/div>\n\n\n\n<p><\/p>\n","protected":false},"excerpt":{"rendered":"<p>Die CVZ-Zwerge, sind die \u201ej\u00fcngste\u201c Tanzgruppe des Vereins. Hier tanzen und bewegen sich Kinder im Alter von 2-6 Jahren, mit Begeisterung zur Musik. Mit Bewegungsliedern und Musik lernen die Kinder, mit viel Spa\u00df, sich rhythmisch zu bewegen. Seit 2019 sind sie fester Bestandteil der Zornheimer Kindersitzung und zeigen ihren t\u00e4nzerischen Spa\u00df auf der B\u00fchne. Diese [&hellip;]<\/p>\n","protected":false},"author":2,"featured_media":0,"parent":0,"menu_order":0,"comment_status":"closed","ping_status":"closed","template":"","meta":{"footnotes":""},"class_list":["post-18","page","type-page","status-publish","hentry"],"yoast_head":"<!-- This site is optimized with the Yoast SEO plugin v26.3 - https:\/\/yoast.com\/wordpress\/plugins\/seo\/ -->\n<title>CVZ Zwerge - Carneval-Verein Zornheim 1931 e.V.<\/title>\n<meta name=\"robots\" content=\"index, follow, max-snippet:-1, max-image-preview:large, max-video-preview:-1\" \/>\n<link rel=\"canonical\" href=\"https:\/\/c-v-z.de\/index.php\/tg1\/\" \/>\n<meta property=\"og:locale\" content=\"de_DE\" \/>\n<meta property=\"og:type\" content=\"article\" \/>\n<meta property=\"og:title\" content=\"CVZ Zwerge - Carneval-Verein Zornheim 1931 e.V.\" \/>\n<meta property=\"og:description\" content=\"Die CVZ-Zwerge, sind die \u201ej\u00fcngste\u201c Tanzgruppe des Vereins. Hier tanzen und bewegen sich Kinder im Alter von 2-6 Jahren, mit Begeisterung zur Musik. Mit Bewegungsliedern und Musik lernen die Kinder, mit viel Spa\u00df, sich rhythmisch zu bewegen. Seit 2019 sind sie fester Bestandteil der Zornheimer Kindersitzung und zeigen ihren t\u00e4nzerischen Spa\u00df auf der B\u00fchne. Diese [&hellip;]\" \/>\n<meta property=\"og:url\" content=\"https:\/\/c-v-z.de\/index.php\/tg1\/\" \/>\n<meta property=\"og:site_name\" content=\"Carneval-Verein Zornheim 1931 e.V.\" \/>\n<meta property=\"article:modified_time\" content=\"2026-04-16T15:27:37+00:00\" \/>\n<meta name=\"twitter:card\" content=\"summary_large_image\" \/>\n<script type=\"application\/ld+json\" class=\"yoast-schema-graph\">{\"@context\":\"https:\/\/schema.org\",\"@graph\":[{\"@type\":\"WebPage\",\"@id\":\"https:\/\/c-v-z.de\/index.php\/tg1\/\",\"url\":\"https:\/\/c-v-z.de\/index.php\/tg1\/\",\"name\":\"CVZ Zwerge - Carneval-Verein Zornheim 1931 e.V.\",\"isPartOf\":{\"@id\":\"https:\/\/c-v-z.de\/#website\"},\"datePublished\":\"2025-10-22T20:29:41+00:00\",\"dateModified\":\"2026-04-16T15:27:37+00:00\",\"breadcrumb\":{\"@id\":\"https:\/\/c-v-z.de\/index.php\/tg1\/#breadcrumb\"},\"inLanguage\":\"de\",\"potentialAction\":[{\"@type\":\"ReadAction\",\"target\":[\"https:\/\/c-v-z.de\/index.php\/tg1\/\"]}]},{\"@type\":\"BreadcrumbList\",\"@id\":\"https:\/\/c-v-z.de\/index.php\/tg1\/#breadcrumb\",\"itemListElement\":[{\"@type\":\"ListItem\",\"position\":1,\"name\":\"Startseite\",\"item\":\"https:\/\/c-v-z.de\/\"},{\"@type\":\"ListItem\",\"position\":2,\"name\":\"CVZ Zwerge\"}]},{\"@type\":\"WebSite\",\"@id\":\"https:\/\/c-v-z.de\/#website\",\"url\":\"https:\/\/c-v-z.de\/\",\"name\":\"Carneval-Verein Zornheim 1931 e.V.\",\"description\":\"\",\"publisher\":{\"@id\":\"https:\/\/c-v-z.de\/#organization\"},\"potentialAction\":[{\"@type\":\"SearchAction\",\"target\":{\"@type\":\"EntryPoint\",\"urlTemplate\":\"https:\/\/c-v-z.de\/?s={search_term_string}\"},\"query-input\":{\"@type\":\"PropertyValueSpecification\",\"valueRequired\":true,\"valueName\":\"search_term_string\"}}],\"inLanguage\":\"de\"},{\"@type\":\"Organization\",\"@id\":\"https:\/\/c-v-z.de\/#organization\",\"name\":\"Carneval-Verein Zornheim 1931 e.V.\",\"url\":\"https:\/\/c-v-z.de\/\",\"logo\":{\"@type\":\"ImageObject\",\"inLanguage\":\"de\",\"@id\":\"https:\/\/c-v-z.de\/#\/schema\/logo\/image\/\",\"url\":\"https:\/\/c-v-z.de\/wp-content\/uploads\/2025\/10\/Carneval-Verein-Zornheim.png\",\"contentUrl\":\"https:\/\/c-v-z.de\/wp-content\/uploads\/2025\/10\/Carneval-Verein-Zornheim.png\",\"width\":1200,\"height\":1000,\"caption\":\"Carneval-Verein Zornheim 1931 e.V.\"},\"image\":{\"@id\":\"https:\/\/c-v-z.de\/#\/schema\/logo\/image\/\"}}]}<\/script>\n<!-- \/ Yoast SEO plugin. -->","yoast_head_json":{"title":"CVZ Zwerge - Carneval-Verein Zornheim 1931 e.V.","robots":{"index":"index","follow":"follow","max-snippet":"max-snippet:-1","max-image-preview":"max-image-preview:large","max-video-preview":"max-video-preview:-1"},"canonical":"https:\/\/c-v-z.de\/index.php\/tg1\/","og_locale":"de_DE","og_type":"article","og_title":"CVZ Zwerge - Carneval-Verein Zornheim 1931 e.V.","og_description":"Die CVZ-Zwerge, sind die \u201ej\u00fcngste\u201c Tanzgruppe des Vereins. Hier tanzen und bewegen sich Kinder im Alter von 2-6 Jahren, mit Begeisterung zur Musik. Mit Bewegungsliedern und Musik lernen die Kinder, mit viel Spa\u00df, sich rhythmisch zu bewegen. Seit 2019 sind sie fester Bestandteil der Zornheimer Kindersitzung und zeigen ihren t\u00e4nzerischen Spa\u00df auf der B\u00fchne. Diese [&hellip;]","og_url":"https:\/\/c-v-z.de\/index.php\/tg1\/","og_site_name":"Carneval-Verein Zornheim 1931 e.V.","article_modified_time":"2026-04-16T15:27:37+00:00","twitter_card":"summary_large_image","schema":{"@context":"https:\/\/schema.org","@graph":[{"@type":"WebPage","@id":"https:\/\/c-v-z.de\/index.php\/tg1\/","url":"https:\/\/c-v-z.de\/index.php\/tg1\/","name":"CVZ Zwerge - Carneval-Verein Zornheim 1931 e.V.","isPartOf":{"@id":"https:\/\/c-v-z.de\/#website"},"datePublished":"2025-10-22T20:29:41+00:00","dateModified":"2026-04-16T15:27:37+00:00","breadcrumb":{"@id":"https:\/\/c-v-z.de\/index.php\/tg1\/#breadcrumb"},"inLanguage":"de","potentialAction":[{"@type":"ReadAction","target":["https:\/\/c-v-z.de\/index.php\/tg1\/"]}]},{"@type":"BreadcrumbList","@id":"https:\/\/c-v-z.de\/index.php\/tg1\/#breadcrumb","itemListElement":[{"@type":"ListItem","position":1,"name":"Startseite","item":"https:\/\/c-v-z.de\/"},{"@type":"ListItem","position":2,"name":"CVZ Zwerge"}]},{"@type":"WebSite","@id":"https:\/\/c-v-z.de\/#website","url":"https:\/\/c-v-z.de\/","name":"Carneval-Verein Zornheim 1931 e.V.","description":"","publisher":{"@id":"https:\/\/c-v-z.de\/#organization"},"potentialAction":[{"@type":"SearchAction","target":{"@type":"EntryPoint","urlTemplate":"https:\/\/c-v-z.de\/?s={search_term_string}"},"query-input":{"@type":"PropertyValueSpecification","valueRequired":true,"valueName":"search_term_string"}}],"inLanguage":"de"},{"@type":"Organization","@id":"https:\/\/c-v-z.de\/#organization","name":"Carneval-Verein Zornheim 1931 e.V.","url":"https:\/\/c-v-z.de\/","logo":{"@type":"ImageObject","inLanguage":"de","@id":"https:\/\/c-v-z.de\/#\/schema\/logo\/image\/","url":"https:\/\/c-v-z.de\/wp-content\/uploads\/2025\/10\/Carneval-Verein-Zornheim.png","contentUrl":"https:\/\/c-v-z.de\/wp-content\/uploads\/2025\/10\/Carneval-Verein-Zornheim.png","width":1200,"height":1000,"caption":"Carneval-Verein Zornheim 1931 e.V."},"image":{"@id":"https:\/\/c-v-z.de\/#\/schema\/logo\/image\/"}}]}},"_links":{"self":[{"href":"https:\/\/c-v-z.de\/index.php\/wp-json\/wp\/v2\/pages\/18","targetHints":{"allow":["GET"]}}],"collection":[{"href":"https:\/\/c-v-z.de\/index.php\/wp-json\/wp\/v2\/pages"}],"about":[{"href":"https:\/\/c-v-z.de\/index.php\/wp-json\/wp\/v2\/types\/page"}],"author":[{"embeddable":true,"href":"https:\/\/c-v-z.de\/index.php\/wp-json\/wp\/v2\/users\/2"}],"replies":[{"embeddable":true,"href":"https:\/\/c-v-z.de\/index.php\/wp-json\/wp\/v2\/comments?post=18"}],"version-history":[{"count":15,"href":"https:\/\/c-v-z.de\/index.php\/wp-json\/wp\/v2\/pages\/18\/revisions"}],"predecessor-version":[{"id":278,"href":"https:\/\/c-v-z.de\/index.php\/wp-json\/wp\/v2\/pages\/18\/revisions\/278"}],"wp:attachment":[{"href":"https:\/\/c-v-z.de\/index.php\/wp-json\/wp\/v2\/media?parent=18"}],"curies":[{"name":"wp","href":"https:\/\/api.w.org\/{rel}","templated":true}]}}