{"id":124,"date":"2025-11-09T19:36:18","date_gmt":"2025-11-09T19:36:18","guid":{"rendered":"https:\/\/c-v-z.de\/?page_id=124"},"modified":"2026-04-16T15:46:44","modified_gmt":"2026-04-16T15:46:44","slug":"tanzgrueppchen","status":"publish","type":"page","link":"https:\/\/c-v-z.de\/index.php\/tanzgrueppchen\/","title":{"rendered":"Tanzgr\u00fcppchen"},"content":{"rendered":"\n<p>&#8230; so hei\u00dft das M\u00e4nnerballett des CVZ. Es besteht aktuell aus 18 T\u00e4nzern im Alter von 15 bis 70 Jahren sowie einer engagierten und jung gebliebenen Trainerin Yvonne Schl\u00f6sser. Als einziges noch aktives Gr\u00fcndungsmitglied tanzt Edelbert Gsimbsl bereits seit dem Jahr 1976 durchg\u00e4ngig mit. Nur ein Jahr sp\u00e4ter schloss sich auch Volker Schrumpf der Tanzgruppe an.<\/p>\n\n\n\n<p>Der Auftritt auf der Kost\u00fcmsitzung des CVZ ist f\u00fcr dieses Ballett der H\u00f6hepunkt einer jeden Kampagne. Jedes Jahr versucht man mit viel Humor und gekonntem Schauspiel eine kleine Geschichte zu erz\u00e4hlen. Das Publikum wird von bekannten Rhythmen mitgerissen. Hierf\u00fcr ist eine gekonnte Lieder-Auswahl und deren Zusammenschnitt wichtig. Inzwischen erh\u00e4lt das CVZ Tanzgr\u00fcppchen auch Anfragen bei anderen Sitzungen und Weibersitzungen aufzutreten. <\/p>\n\n\n\n<p>Die Truppe startet meist im September mit dem Training trifft sich dann bis zur Fastnacht jeden Sonntag um 10 Uhr in der Lindenplatzhalle. Dabei steht immer der Spa\u00df im Vordergrund. <\/p>\n\n\n\n<p>Nat\u00fcrlich wird die Geselligkeit gro\u00dfgeschrieben. Neben einer traditionellen Weihnachtsfeier gab es eine Hiwweltour-<br>Wanderung sowie eine Funzelfahrt durch die Zornheimer Weinberge. Mit tatkr\u00e4ftiger Hilfe der gesamten Gruppe wird die Vereinsarbeit wertvoll unterst\u00fctzt.<\/p>\n\n\n\n<hr class=\"wp-block-separator has-alpha-channel-opacity\"\/>\n\n\n\n<div class=\"wp-block-buttons is-content-justification-center is-layout-flex wp-container-core-buttons-is-layout-a89b3969 wp-block-buttons-is-layout-flex\">\n<div class=\"wp-block-button\"><a class=\"wp-block-button__link wp-element-button\" href=\"mailto:yvone@c-v-z.de\">Mail an das Tanzgr\u00fcppchen schicken<\/a><\/div>\n<\/div>\n","protected":false},"excerpt":{"rendered":"<p>&#8230; so hei\u00dft das M\u00e4nnerballett des CVZ. Es besteht aktuell aus 18 T\u00e4nzern im Alter von 15 bis 70 Jahren sowie einer engagierten und jung gebliebenen Trainerin Yvonne Schl\u00f6sser. Als einziges noch aktives Gr\u00fcndungsmitglied tanzt Edelbert Gsimbsl bereits seit dem Jahr 1976 durchg\u00e4ngig mit. Nur ein Jahr sp\u00e4ter schloss sich auch Volker Schrumpf der Tanzgruppe [&hellip;]<\/p>\n","protected":false},"author":2,"featured_media":0,"parent":0,"menu_order":0,"comment_status":"closed","ping_status":"closed","template":"","meta":{"footnotes":""},"class_list":["post-124","page","type-page","status-publish","hentry"],"yoast_head":"<!-- This site is optimized with the Yoast SEO plugin v26.3 - https:\/\/yoast.com\/wordpress\/plugins\/seo\/ -->\n<title>Tanzgr\u00fcppchen - Carneval-Verein Zornheim 1931 e.V.<\/title>\n<meta name=\"robots\" content=\"index, follow, max-snippet:-1, max-image-preview:large, max-video-preview:-1\" \/>\n<link rel=\"canonical\" href=\"https:\/\/c-v-z.de\/index.php\/tanzgrueppchen\/\" \/>\n<meta property=\"og:locale\" content=\"de_DE\" \/>\n<meta property=\"og:type\" content=\"article\" \/>\n<meta property=\"og:title\" content=\"Tanzgr\u00fcppchen - Carneval-Verein Zornheim 1931 e.V.\" \/>\n<meta property=\"og:description\" content=\"&#8230; so hei\u00dft das M\u00e4nnerballett des CVZ. Es besteht aktuell aus 18 T\u00e4nzern im Alter von 15 bis 70 Jahren sowie einer engagierten und jung gebliebenen Trainerin Yvonne Schl\u00f6sser. Als einziges noch aktives Gr\u00fcndungsmitglied tanzt Edelbert Gsimbsl bereits seit dem Jahr 1976 durchg\u00e4ngig mit. Nur ein Jahr sp\u00e4ter schloss sich auch Volker Schrumpf der Tanzgruppe [&hellip;]\" \/>\n<meta property=\"og:url\" content=\"https:\/\/c-v-z.de\/index.php\/tanzgrueppchen\/\" \/>\n<meta property=\"og:site_name\" content=\"Carneval-Verein Zornheim 1931 e.V.\" \/>\n<meta property=\"article:modified_time\" content=\"2026-04-16T15:46:44+00:00\" \/>\n<meta name=\"twitter:card\" content=\"summary_large_image\" \/>\n<meta name=\"twitter:label1\" content=\"Gesch\u00e4tzte Lesezeit\" \/>\n\t<meta name=\"twitter:data1\" content=\"2\u00a0Minuten\" \/>\n<script type=\"application\/ld+json\" class=\"yoast-schema-graph\">{\"@context\":\"https:\/\/schema.org\",\"@graph\":[{\"@type\":\"WebPage\",\"@id\":\"https:\/\/c-v-z.de\/index.php\/tanzgrueppchen\/\",\"url\":\"https:\/\/c-v-z.de\/index.php\/tanzgrueppchen\/\",\"name\":\"Tanzgr\u00fcppchen - Carneval-Verein Zornheim 1931 e.V.\",\"isPartOf\":{\"@id\":\"https:\/\/c-v-z.de\/#website\"},\"datePublished\":\"2025-11-09T19:36:18+00:00\",\"dateModified\":\"2026-04-16T15:46:44+00:00\",\"breadcrumb\":{\"@id\":\"https:\/\/c-v-z.de\/index.php\/tanzgrueppchen\/#breadcrumb\"},\"inLanguage\":\"de\",\"potentialAction\":[{\"@type\":\"ReadAction\",\"target\":[\"https:\/\/c-v-z.de\/index.php\/tanzgrueppchen\/\"]}]},{\"@type\":\"BreadcrumbList\",\"@id\":\"https:\/\/c-v-z.de\/index.php\/tanzgrueppchen\/#breadcrumb\",\"itemListElement\":[{\"@type\":\"ListItem\",\"position\":1,\"name\":\"Startseite\",\"item\":\"https:\/\/c-v-z.de\/\"},{\"@type\":\"ListItem\",\"position\":2,\"name\":\"Tanzgr\u00fcppchen\"}]},{\"@type\":\"WebSite\",\"@id\":\"https:\/\/c-v-z.de\/#website\",\"url\":\"https:\/\/c-v-z.de\/\",\"name\":\"Carneval-Verein Zornheim 1931 e.V.\",\"description\":\"\",\"publisher\":{\"@id\":\"https:\/\/c-v-z.de\/#organization\"},\"potentialAction\":[{\"@type\":\"SearchAction\",\"target\":{\"@type\":\"EntryPoint\",\"urlTemplate\":\"https:\/\/c-v-z.de\/?s={search_term_string}\"},\"query-input\":{\"@type\":\"PropertyValueSpecification\",\"valueRequired\":true,\"valueName\":\"search_term_string\"}}],\"inLanguage\":\"de\"},{\"@type\":\"Organization\",\"@id\":\"https:\/\/c-v-z.de\/#organization\",\"name\":\"Carneval-Verein Zornheim 1931 e.V.\",\"url\":\"https:\/\/c-v-z.de\/\",\"logo\":{\"@type\":\"ImageObject\",\"inLanguage\":\"de\",\"@id\":\"https:\/\/c-v-z.de\/#\/schema\/logo\/image\/\",\"url\":\"https:\/\/c-v-z.de\/wp-content\/uploads\/2025\/10\/Carneval-Verein-Zornheim.png\",\"contentUrl\":\"https:\/\/c-v-z.de\/wp-content\/uploads\/2025\/10\/Carneval-Verein-Zornheim.png\",\"width\":1200,\"height\":1000,\"caption\":\"Carneval-Verein Zornheim 1931 e.V.\"},\"image\":{\"@id\":\"https:\/\/c-v-z.de\/#\/schema\/logo\/image\/\"}}]}<\/script>\n<!-- \/ Yoast SEO plugin. -->","yoast_head_json":{"title":"Tanzgr\u00fcppchen - Carneval-Verein Zornheim 1931 e.V.","robots":{"index":"index","follow":"follow","max-snippet":"max-snippet:-1","max-image-preview":"max-image-preview:large","max-video-preview":"max-video-preview:-1"},"canonical":"https:\/\/c-v-z.de\/index.php\/tanzgrueppchen\/","og_locale":"de_DE","og_type":"article","og_title":"Tanzgr\u00fcppchen - Carneval-Verein Zornheim 1931 e.V.","og_description":"&#8230; so hei\u00dft das M\u00e4nnerballett des CVZ. Es besteht aktuell aus 18 T\u00e4nzern im Alter von 15 bis 70 Jahren sowie einer engagierten und jung gebliebenen Trainerin Yvonne Schl\u00f6sser. Als einziges noch aktives Gr\u00fcndungsmitglied tanzt Edelbert Gsimbsl bereits seit dem Jahr 1976 durchg\u00e4ngig mit. Nur ein Jahr sp\u00e4ter schloss sich auch Volker Schrumpf der Tanzgruppe [&hellip;]","og_url":"https:\/\/c-v-z.de\/index.php\/tanzgrueppchen\/","og_site_name":"Carneval-Verein Zornheim 1931 e.V.","article_modified_time":"2026-04-16T15:46:44+00:00","twitter_card":"summary_large_image","twitter_misc":{"Gesch\u00e4tzte Lesezeit":"2\u00a0Minuten"},"schema":{"@context":"https:\/\/schema.org","@graph":[{"@type":"WebPage","@id":"https:\/\/c-v-z.de\/index.php\/tanzgrueppchen\/","url":"https:\/\/c-v-z.de\/index.php\/tanzgrueppchen\/","name":"Tanzgr\u00fcppchen - Carneval-Verein Zornheim 1931 e.V.","isPartOf":{"@id":"https:\/\/c-v-z.de\/#website"},"datePublished":"2025-11-09T19:36:18+00:00","dateModified":"2026-04-16T15:46:44+00:00","breadcrumb":{"@id":"https:\/\/c-v-z.de\/index.php\/tanzgrueppchen\/#breadcrumb"},"inLanguage":"de","potentialAction":[{"@type":"ReadAction","target":["https:\/\/c-v-z.de\/index.php\/tanzgrueppchen\/"]}]},{"@type":"BreadcrumbList","@id":"https:\/\/c-v-z.de\/index.php\/tanzgrueppchen\/#breadcrumb","itemListElement":[{"@type":"ListItem","position":1,"name":"Startseite","item":"https:\/\/c-v-z.de\/"},{"@type":"ListItem","position":2,"name":"Tanzgr\u00fcppchen"}]},{"@type":"WebSite","@id":"https:\/\/c-v-z.de\/#website","url":"https:\/\/c-v-z.de\/","name":"Carneval-Verein Zornheim 1931 e.V.","description":"","publisher":{"@id":"https:\/\/c-v-z.de\/#organization"},"potentialAction":[{"@type":"SearchAction","target":{"@type":"EntryPoint","urlTemplate":"https:\/\/c-v-z.de\/?s={search_term_string}"},"query-input":{"@type":"PropertyValueSpecification","valueRequired":true,"valueName":"search_term_string"}}],"inLanguage":"de"},{"@type":"Organization","@id":"https:\/\/c-v-z.de\/#organization","name":"Carneval-Verein Zornheim 1931 e.V.","url":"https:\/\/c-v-z.de\/","logo":{"@type":"ImageObject","inLanguage":"de","@id":"https:\/\/c-v-z.de\/#\/schema\/logo\/image\/","url":"https:\/\/c-v-z.de\/wp-content\/uploads\/2025\/10\/Carneval-Verein-Zornheim.png","contentUrl":"https:\/\/c-v-z.de\/wp-content\/uploads\/2025\/10\/Carneval-Verein-Zornheim.png","width":1200,"height":1000,"caption":"Carneval-Verein Zornheim 1931 e.V."},"image":{"@id":"https:\/\/c-v-z.de\/#\/schema\/logo\/image\/"}}]}},"_links":{"self":[{"href":"https:\/\/c-v-z.de\/index.php\/wp-json\/wp\/v2\/pages\/124","targetHints":{"allow":["GET"]}}],"collection":[{"href":"https:\/\/c-v-z.de\/index.php\/wp-json\/wp\/v2\/pages"}],"about":[{"href":"https:\/\/c-v-z.de\/index.php\/wp-json\/wp\/v2\/types\/page"}],"author":[{"embeddable":true,"href":"https:\/\/c-v-z.de\/index.php\/wp-json\/wp\/v2\/users\/2"}],"replies":[{"embeddable":true,"href":"https:\/\/c-v-z.de\/index.php\/wp-json\/wp\/v2\/comments?post=124"}],"version-history":[{"count":3,"href":"https:\/\/c-v-z.de\/index.php\/wp-json\/wp\/v2\/pages\/124\/revisions"}],"predecessor-version":[{"id":289,"href":"https:\/\/c-v-z.de\/index.php\/wp-json\/wp\/v2\/pages\/124\/revisions\/289"}],"wp:attachment":[{"href":"https:\/\/c-v-z.de\/index.php\/wp-json\/wp\/v2\/media?parent=124"}],"curies":[{"name":"wp","href":"https:\/\/api.w.org\/{rel}","templated":true}]}}