{"id":122,"date":"2025-11-09T19:36:03","date_gmt":"2025-11-09T19:36:03","guid":{"rendered":"https:\/\/c-v-z.de\/?page_id=122"},"modified":"2026-04-16T15:42:46","modified_gmt":"2026-04-16T15:42:46","slug":"schnuggelcher","status":"publish","type":"page","link":"https:\/\/c-v-z.de\/index.php\/schnuggelcher\/","title":{"rendered":"Schnuggelcher"},"content":{"rendered":"\n<p>Die \u201ejung gebliebene\u201c Damen-Gruppe f\u00fcr alle Frauen ab 20, bis 99+, die Lust und Spa\u00df haben sich zu bewegen. Es gibt sie schon Jahrzehnte lang, aber immer wieder frisch und spritzig. Bei ihnen tanzt jeder der sich bewegen kann und mag. Geschwister, Tante<br>und Nichte, Mama und Tochter, Oma und Enkelin: hier kommen alle, in jedem Alter zusammen.<br><\/p>\n\n\n\n<p>Zurzeit besteht die Gute-Laune-Gruppe aus 11 T\u00e4nzerinnen. Man sieht die Schnuggelcher auf der Kost\u00fcmsitzung, an der hauseigenen Kampagnener\u00f6ffnung und nat\u00fcrlich sind auch sie am Fastnachtsdienstag bei unserem Umzug mit dabei.<\/p>\n\n\n\n<p>Wenn sie nicht gerade trainieren, trifft die Gruppe sich einmal im Monat zum Stammtisch, Weihnachts &#8211; oder Neujahrsfeier oder<br>auch zum Kampagnenabschluss.<\/p>\n\n\n\n<p>Sie trainieren immer donnerstags zwischen 19 \u2013 21 Uhr, in der Lindenplatzhalle. Trainerin: Aline Berger<\/p>\n\n\n\n<hr class=\"wp-block-separator has-alpha-channel-opacity\"\/>\n\n\n\n<div class=\"wp-block-buttons is-content-justification-center is-layout-flex wp-container-core-buttons-is-layout-a89b3969 wp-block-buttons-is-layout-flex\">\n<div class=\"wp-block-button\"><a class=\"wp-block-button__link wp-element-button\" href=\"mailto:aline@c-v-z.de\">Mail an die Schnuggelcher schicken<\/a><\/div>\n\n\n\n<div class=\"wp-block-button\"><a class=\"wp-block-button__link wp-element-button\" href=\"https:\/\/www.instagram.com\/cvz_schnuggelcher?igsh=eXBhbWZ6NWVyY3Ny\">Instagram<\/a><\/div>\n<\/div>\n","protected":false},"excerpt":{"rendered":"<p>Die \u201ejung gebliebene\u201c Damen-Gruppe f\u00fcr alle Frauen ab 20, bis 99+, die Lust und Spa\u00df haben sich zu bewegen. Es gibt sie schon Jahrzehnte lang, aber immer wieder frisch und spritzig. Bei ihnen tanzt jeder der sich bewegen kann und mag. Geschwister, Tanteund Nichte, Mama und Tochter, Oma und Enkelin: hier kommen alle, in jedem [&hellip;]<\/p>\n","protected":false},"author":2,"featured_media":0,"parent":0,"menu_order":0,"comment_status":"closed","ping_status":"closed","template":"","meta":{"footnotes":""},"class_list":["post-122","page","type-page","status-publish","hentry"],"yoast_head":"<!-- This site is optimized with the Yoast SEO plugin v26.3 - https:\/\/yoast.com\/wordpress\/plugins\/seo\/ -->\n<title>Schnuggelcher - Carneval-Verein Zornheim 1931 e.V.<\/title>\n<meta name=\"robots\" content=\"index, follow, max-snippet:-1, max-image-preview:large, max-video-preview:-1\" \/>\n<link rel=\"canonical\" href=\"https:\/\/c-v-z.de\/index.php\/schnuggelcher\/\" \/>\n<meta property=\"og:locale\" content=\"de_DE\" \/>\n<meta property=\"og:type\" content=\"article\" \/>\n<meta property=\"og:title\" content=\"Schnuggelcher - Carneval-Verein Zornheim 1931 e.V.\" \/>\n<meta property=\"og:description\" content=\"Die \u201ejung gebliebene\u201c Damen-Gruppe f\u00fcr alle Frauen ab 20, bis 99+, die Lust und Spa\u00df haben sich zu bewegen. Es gibt sie schon Jahrzehnte lang, aber immer wieder frisch und spritzig. Bei ihnen tanzt jeder der sich bewegen kann und mag. Geschwister, Tanteund Nichte, Mama und Tochter, Oma und Enkelin: hier kommen alle, in jedem [&hellip;]\" \/>\n<meta property=\"og:url\" content=\"https:\/\/c-v-z.de\/index.php\/schnuggelcher\/\" \/>\n<meta property=\"og:site_name\" content=\"Carneval-Verein Zornheim 1931 e.V.\" \/>\n<meta property=\"article:modified_time\" content=\"2026-04-16T15:42:46+00:00\" \/>\n<meta name=\"twitter:card\" content=\"summary_large_image\" \/>\n<meta name=\"twitter:label1\" content=\"Gesch\u00e4tzte Lesezeit\" \/>\n\t<meta name=\"twitter:data1\" content=\"1\u00a0Minute\" \/>\n<script type=\"application\/ld+json\" class=\"yoast-schema-graph\">{\"@context\":\"https:\/\/schema.org\",\"@graph\":[{\"@type\":\"WebPage\",\"@id\":\"https:\/\/c-v-z.de\/index.php\/schnuggelcher\/\",\"url\":\"https:\/\/c-v-z.de\/index.php\/schnuggelcher\/\",\"name\":\"Schnuggelcher - Carneval-Verein Zornheim 1931 e.V.\",\"isPartOf\":{\"@id\":\"https:\/\/c-v-z.de\/#website\"},\"datePublished\":\"2025-11-09T19:36:03+00:00\",\"dateModified\":\"2026-04-16T15:42:46+00:00\",\"breadcrumb\":{\"@id\":\"https:\/\/c-v-z.de\/index.php\/schnuggelcher\/#breadcrumb\"},\"inLanguage\":\"de\",\"potentialAction\":[{\"@type\":\"ReadAction\",\"target\":[\"https:\/\/c-v-z.de\/index.php\/schnuggelcher\/\"]}]},{\"@type\":\"BreadcrumbList\",\"@id\":\"https:\/\/c-v-z.de\/index.php\/schnuggelcher\/#breadcrumb\",\"itemListElement\":[{\"@type\":\"ListItem\",\"position\":1,\"name\":\"Startseite\",\"item\":\"https:\/\/c-v-z.de\/\"},{\"@type\":\"ListItem\",\"position\":2,\"name\":\"Schnuggelcher\"}]},{\"@type\":\"WebSite\",\"@id\":\"https:\/\/c-v-z.de\/#website\",\"url\":\"https:\/\/c-v-z.de\/\",\"name\":\"Carneval-Verein Zornheim 1931 e.V.\",\"description\":\"\",\"publisher\":{\"@id\":\"https:\/\/c-v-z.de\/#organization\"},\"potentialAction\":[{\"@type\":\"SearchAction\",\"target\":{\"@type\":\"EntryPoint\",\"urlTemplate\":\"https:\/\/c-v-z.de\/?s={search_term_string}\"},\"query-input\":{\"@type\":\"PropertyValueSpecification\",\"valueRequired\":true,\"valueName\":\"search_term_string\"}}],\"inLanguage\":\"de\"},{\"@type\":\"Organization\",\"@id\":\"https:\/\/c-v-z.de\/#organization\",\"name\":\"Carneval-Verein Zornheim 1931 e.V.\",\"url\":\"https:\/\/c-v-z.de\/\",\"logo\":{\"@type\":\"ImageObject\",\"inLanguage\":\"de\",\"@id\":\"https:\/\/c-v-z.de\/#\/schema\/logo\/image\/\",\"url\":\"https:\/\/c-v-z.de\/wp-content\/uploads\/2025\/10\/Carneval-Verein-Zornheim.png\",\"contentUrl\":\"https:\/\/c-v-z.de\/wp-content\/uploads\/2025\/10\/Carneval-Verein-Zornheim.png\",\"width\":1200,\"height\":1000,\"caption\":\"Carneval-Verein Zornheim 1931 e.V.\"},\"image\":{\"@id\":\"https:\/\/c-v-z.de\/#\/schema\/logo\/image\/\"}}]}<\/script>\n<!-- \/ Yoast SEO plugin. -->","yoast_head_json":{"title":"Schnuggelcher - Carneval-Verein Zornheim 1931 e.V.","robots":{"index":"index","follow":"follow","max-snippet":"max-snippet:-1","max-image-preview":"max-image-preview:large","max-video-preview":"max-video-preview:-1"},"canonical":"https:\/\/c-v-z.de\/index.php\/schnuggelcher\/","og_locale":"de_DE","og_type":"article","og_title":"Schnuggelcher - Carneval-Verein Zornheim 1931 e.V.","og_description":"Die \u201ejung gebliebene\u201c Damen-Gruppe f\u00fcr alle Frauen ab 20, bis 99+, die Lust und Spa\u00df haben sich zu bewegen. Es gibt sie schon Jahrzehnte lang, aber immer wieder frisch und spritzig. Bei ihnen tanzt jeder der sich bewegen kann und mag. Geschwister, Tanteund Nichte, Mama und Tochter, Oma und Enkelin: hier kommen alle, in jedem [&hellip;]","og_url":"https:\/\/c-v-z.de\/index.php\/schnuggelcher\/","og_site_name":"Carneval-Verein Zornheim 1931 e.V.","article_modified_time":"2026-04-16T15:42:46+00:00","twitter_card":"summary_large_image","twitter_misc":{"Gesch\u00e4tzte Lesezeit":"1\u00a0Minute"},"schema":{"@context":"https:\/\/schema.org","@graph":[{"@type":"WebPage","@id":"https:\/\/c-v-z.de\/index.php\/schnuggelcher\/","url":"https:\/\/c-v-z.de\/index.php\/schnuggelcher\/","name":"Schnuggelcher - Carneval-Verein Zornheim 1931 e.V.","isPartOf":{"@id":"https:\/\/c-v-z.de\/#website"},"datePublished":"2025-11-09T19:36:03+00:00","dateModified":"2026-04-16T15:42:46+00:00","breadcrumb":{"@id":"https:\/\/c-v-z.de\/index.php\/schnuggelcher\/#breadcrumb"},"inLanguage":"de","potentialAction":[{"@type":"ReadAction","target":["https:\/\/c-v-z.de\/index.php\/schnuggelcher\/"]}]},{"@type":"BreadcrumbList","@id":"https:\/\/c-v-z.de\/index.php\/schnuggelcher\/#breadcrumb","itemListElement":[{"@type":"ListItem","position":1,"name":"Startseite","item":"https:\/\/c-v-z.de\/"},{"@type":"ListItem","position":2,"name":"Schnuggelcher"}]},{"@type":"WebSite","@id":"https:\/\/c-v-z.de\/#website","url":"https:\/\/c-v-z.de\/","name":"Carneval-Verein Zornheim 1931 e.V.","description":"","publisher":{"@id":"https:\/\/c-v-z.de\/#organization"},"potentialAction":[{"@type":"SearchAction","target":{"@type":"EntryPoint","urlTemplate":"https:\/\/c-v-z.de\/?s={search_term_string}"},"query-input":{"@type":"PropertyValueSpecification","valueRequired":true,"valueName":"search_term_string"}}],"inLanguage":"de"},{"@type":"Organization","@id":"https:\/\/c-v-z.de\/#organization","name":"Carneval-Verein Zornheim 1931 e.V.","url":"https:\/\/c-v-z.de\/","logo":{"@type":"ImageObject","inLanguage":"de","@id":"https:\/\/c-v-z.de\/#\/schema\/logo\/image\/","url":"https:\/\/c-v-z.de\/wp-content\/uploads\/2025\/10\/Carneval-Verein-Zornheim.png","contentUrl":"https:\/\/c-v-z.de\/wp-content\/uploads\/2025\/10\/Carneval-Verein-Zornheim.png","width":1200,"height":1000,"caption":"Carneval-Verein Zornheim 1931 e.V."},"image":{"@id":"https:\/\/c-v-z.de\/#\/schema\/logo\/image\/"}}]}},"_links":{"self":[{"href":"https:\/\/c-v-z.de\/index.php\/wp-json\/wp\/v2\/pages\/122","targetHints":{"allow":["GET"]}}],"collection":[{"href":"https:\/\/c-v-z.de\/index.php\/wp-json\/wp\/v2\/pages"}],"about":[{"href":"https:\/\/c-v-z.de\/index.php\/wp-json\/wp\/v2\/types\/page"}],"author":[{"embeddable":true,"href":"https:\/\/c-v-z.de\/index.php\/wp-json\/wp\/v2\/users\/2"}],"replies":[{"embeddable":true,"href":"https:\/\/c-v-z.de\/index.php\/wp-json\/wp\/v2\/comments?post=122"}],"version-history":[{"count":5,"href":"https:\/\/c-v-z.de\/index.php\/wp-json\/wp\/v2\/pages\/122\/revisions"}],"predecessor-version":[{"id":287,"href":"https:\/\/c-v-z.de\/index.php\/wp-json\/wp\/v2\/pages\/122\/revisions\/287"}],"wp:attachment":[{"href":"https:\/\/c-v-z.de\/index.php\/wp-json\/wp\/v2\/media?parent=122"}],"curies":[{"name":"wp","href":"https:\/\/api.w.org\/{rel}","templated":true}]}}