{"id":118,"date":"2025-11-09T19:35:37","date_gmt":"2025-11-09T19:35:37","guid":{"rendered":"https:\/\/c-v-z.de\/?page_id=118"},"modified":"2026-04-16T15:28:33","modified_gmt":"2026-04-16T15:28:33","slug":"dancing-diamonds","status":"publish","type":"page","link":"https:\/\/c-v-z.de\/index.php\/dancing-diamonds\/","title":{"rendered":"Dancing Diamonds"},"content":{"rendered":"\n<figure class=\"wp-block-image size-large\"><img fetchpriority=\"high\" decoding=\"async\" width=\"1024\" height=\"768\" src=\"https:\/\/c-v-z.de\/wp-content\/uploads\/2025\/11\/P1140147-1024x768.jpg\" alt=\"\" class=\"wp-image-216\" srcset=\"https:\/\/c-v-z.de\/wp-content\/uploads\/2025\/11\/P1140147-1024x768.jpg 1024w, https:\/\/c-v-z.de\/wp-content\/uploads\/2025\/11\/P1140147-300x225.jpg 300w, https:\/\/c-v-z.de\/wp-content\/uploads\/2025\/11\/P1140147-768x576.jpg 768w, https:\/\/c-v-z.de\/wp-content\/uploads\/2025\/11\/P1140147-1536x1152.jpg 1536w, https:\/\/c-v-z.de\/wp-content\/uploads\/2025\/11\/P1140147-2048x1536.jpg 2048w\" sizes=\"(max-width: 1024px) 100vw, 1024px\" \/><\/figure>\n\n\n\n<hr class=\"wp-block-separator has-alpha-channel-opacity\"\/>\n\n\n\n<p>Die Dancing Diamonds wurden 2017 gegr\u00fcndet und sind die mittleren T\u00e4nzerInnen des CVZ. <\/p>\n\n\n\n<p>Durch den starken Zusammenhalt innerhalb der Gruppe konnten bereits mehrere Trainingswochenenden erfolgreich gemeinsam gestaltet werden. Dar\u00fcber hinaus organisieren sie regelm\u00e4\u00dfig gem\u00fctliche Nachmittage am Backhaus, bei denen sie Kaffee und Kuchen anbieten.<\/p>\n\n\n\n<p>Trainiert werden die derzeit 17 Kinder im Alter von 11-16 Jahren von Jennifer Knod und Dana Hofmann. Das Training findet immer freitags von 17 &#8211; 19 Uhr in der Lindenplatzhalle statt. <\/p>\n\n\n\n<hr class=\"wp-block-separator has-alpha-channel-opacity\"\/>\n\n\n\n<div class=\"wp-block-buttons is-content-justification-center is-layout-flex wp-container-core-buttons-is-layout-a89b3969 wp-block-buttons-is-layout-flex\">\n<div class=\"wp-block-button\"><a class=\"wp-block-button__link wp-element-button\" href=\"mailto:Dancing-Diamonds@c-v-z.de\">Mail an die Dancing Diamonds schicken<\/a><\/div>\n<\/div>\n","protected":false},"excerpt":{"rendered":"<p>Die Dancing Diamonds wurden 2017 gegr\u00fcndet und sind die mittleren T\u00e4nzerInnen des CVZ. Durch den starken Zusammenhalt innerhalb der Gruppe konnten bereits mehrere Trainingswochenenden erfolgreich gemeinsam gestaltet werden. Dar\u00fcber hinaus organisieren sie regelm\u00e4\u00dfig gem\u00fctliche Nachmittage am Backhaus, bei denen sie Kaffee und Kuchen anbieten. Trainiert werden die derzeit 17 Kinder im Alter von 11-16 Jahren [&hellip;]<\/p>\n","protected":false},"author":2,"featured_media":0,"parent":0,"menu_order":0,"comment_status":"closed","ping_status":"closed","template":"","meta":{"footnotes":""},"class_list":["post-118","page","type-page","status-publish","hentry"],"yoast_head":"<!-- This site is optimized with the Yoast SEO plugin v26.3 - https:\/\/yoast.com\/wordpress\/plugins\/seo\/ -->\n<title>Dancing Diamonds - Carneval-Verein Zornheim 1931 e.V.<\/title>\n<meta name=\"robots\" content=\"index, follow, max-snippet:-1, max-image-preview:large, max-video-preview:-1\" \/>\n<link rel=\"canonical\" href=\"https:\/\/c-v-z.de\/index.php\/dancing-diamonds\/\" \/>\n<meta property=\"og:locale\" content=\"de_DE\" \/>\n<meta property=\"og:type\" content=\"article\" \/>\n<meta property=\"og:title\" content=\"Dancing Diamonds - Carneval-Verein Zornheim 1931 e.V.\" \/>\n<meta property=\"og:description\" content=\"Die Dancing Diamonds wurden 2017 gegr\u00fcndet und sind die mittleren T\u00e4nzerInnen des CVZ. Durch den starken Zusammenhalt innerhalb der Gruppe konnten bereits mehrere Trainingswochenenden erfolgreich gemeinsam gestaltet werden. Dar\u00fcber hinaus organisieren sie regelm\u00e4\u00dfig gem\u00fctliche Nachmittage am Backhaus, bei denen sie Kaffee und Kuchen anbieten. Trainiert werden die derzeit 17 Kinder im Alter von 11-16 Jahren [&hellip;]\" \/>\n<meta property=\"og:url\" content=\"https:\/\/c-v-z.de\/index.php\/dancing-diamonds\/\" \/>\n<meta property=\"og:site_name\" content=\"Carneval-Verein Zornheim 1931 e.V.\" \/>\n<meta property=\"article:modified_time\" content=\"2026-04-16T15:28:33+00:00\" \/>\n<meta property=\"og:image\" content=\"https:\/\/c-v-z.de\/wp-content\/uploads\/2025\/11\/P1140147.jpg\" \/>\n\t<meta property=\"og:image:width\" content=\"2296\" \/>\n\t<meta property=\"og:image:height\" content=\"1722\" \/>\n\t<meta property=\"og:image:type\" content=\"image\/jpeg\" \/>\n<meta name=\"twitter:card\" content=\"summary_large_image\" \/>\n<meta name=\"twitter:label1\" content=\"Gesch\u00e4tzte Lesezeit\" \/>\n\t<meta name=\"twitter:data1\" content=\"1\u00a0Minute\" \/>\n<script type=\"application\/ld+json\" class=\"yoast-schema-graph\">{\"@context\":\"https:\/\/schema.org\",\"@graph\":[{\"@type\":\"WebPage\",\"@id\":\"https:\/\/c-v-z.de\/index.php\/dancing-diamonds\/\",\"url\":\"https:\/\/c-v-z.de\/index.php\/dancing-diamonds\/\",\"name\":\"Dancing Diamonds - Carneval-Verein Zornheim 1931 e.V.\",\"isPartOf\":{\"@id\":\"https:\/\/c-v-z.de\/#website\"},\"primaryImageOfPage\":{\"@id\":\"https:\/\/c-v-z.de\/index.php\/dancing-diamonds\/#primaryimage\"},\"image\":{\"@id\":\"https:\/\/c-v-z.de\/index.php\/dancing-diamonds\/#primaryimage\"},\"thumbnailUrl\":\"https:\/\/c-v-z.de\/wp-content\/uploads\/2025\/11\/P1140147-1024x768.jpg\",\"datePublished\":\"2025-11-09T19:35:37+00:00\",\"dateModified\":\"2026-04-16T15:28:33+00:00\",\"breadcrumb\":{\"@id\":\"https:\/\/c-v-z.de\/index.php\/dancing-diamonds\/#breadcrumb\"},\"inLanguage\":\"de\",\"potentialAction\":[{\"@type\":\"ReadAction\",\"target\":[\"https:\/\/c-v-z.de\/index.php\/dancing-diamonds\/\"]}]},{\"@type\":\"ImageObject\",\"inLanguage\":\"de\",\"@id\":\"https:\/\/c-v-z.de\/index.php\/dancing-diamonds\/#primaryimage\",\"url\":\"https:\/\/c-v-z.de\/wp-content\/uploads\/2025\/11\/P1140147.jpg\",\"contentUrl\":\"https:\/\/c-v-z.de\/wp-content\/uploads\/2025\/11\/P1140147.jpg\",\"width\":2296,\"height\":1722},{\"@type\":\"BreadcrumbList\",\"@id\":\"https:\/\/c-v-z.de\/index.php\/dancing-diamonds\/#breadcrumb\",\"itemListElement\":[{\"@type\":\"ListItem\",\"position\":1,\"name\":\"Startseite\",\"item\":\"https:\/\/c-v-z.de\/\"},{\"@type\":\"ListItem\",\"position\":2,\"name\":\"Dancing Diamonds\"}]},{\"@type\":\"WebSite\",\"@id\":\"https:\/\/c-v-z.de\/#website\",\"url\":\"https:\/\/c-v-z.de\/\",\"name\":\"Carneval-Verein Zornheim 1931 e.V.\",\"description\":\"\",\"publisher\":{\"@id\":\"https:\/\/c-v-z.de\/#organization\"},\"potentialAction\":[{\"@type\":\"SearchAction\",\"target\":{\"@type\":\"EntryPoint\",\"urlTemplate\":\"https:\/\/c-v-z.de\/?s={search_term_string}\"},\"query-input\":{\"@type\":\"PropertyValueSpecification\",\"valueRequired\":true,\"valueName\":\"search_term_string\"}}],\"inLanguage\":\"de\"},{\"@type\":\"Organization\",\"@id\":\"https:\/\/c-v-z.de\/#organization\",\"name\":\"Carneval-Verein Zornheim 1931 e.V.\",\"url\":\"https:\/\/c-v-z.de\/\",\"logo\":{\"@type\":\"ImageObject\",\"inLanguage\":\"de\",\"@id\":\"https:\/\/c-v-z.de\/#\/schema\/logo\/image\/\",\"url\":\"https:\/\/c-v-z.de\/wp-content\/uploads\/2025\/10\/Carneval-Verein-Zornheim.png\",\"contentUrl\":\"https:\/\/c-v-z.de\/wp-content\/uploads\/2025\/10\/Carneval-Verein-Zornheim.png\",\"width\":1200,\"height\":1000,\"caption\":\"Carneval-Verein Zornheim 1931 e.V.\"},\"image\":{\"@id\":\"https:\/\/c-v-z.de\/#\/schema\/logo\/image\/\"}}]}<\/script>\n<!-- \/ Yoast SEO plugin. -->","yoast_head_json":{"title":"Dancing Diamonds - Carneval-Verein Zornheim 1931 e.V.","robots":{"index":"index","follow":"follow","max-snippet":"max-snippet:-1","max-image-preview":"max-image-preview:large","max-video-preview":"max-video-preview:-1"},"canonical":"https:\/\/c-v-z.de\/index.php\/dancing-diamonds\/","og_locale":"de_DE","og_type":"article","og_title":"Dancing Diamonds - Carneval-Verein Zornheim 1931 e.V.","og_description":"Die Dancing Diamonds wurden 2017 gegr\u00fcndet und sind die mittleren T\u00e4nzerInnen des CVZ. Durch den starken Zusammenhalt innerhalb der Gruppe konnten bereits mehrere Trainingswochenenden erfolgreich gemeinsam gestaltet werden. Dar\u00fcber hinaus organisieren sie regelm\u00e4\u00dfig gem\u00fctliche Nachmittage am Backhaus, bei denen sie Kaffee und Kuchen anbieten. Trainiert werden die derzeit 17 Kinder im Alter von 11-16 Jahren [&hellip;]","og_url":"https:\/\/c-v-z.de\/index.php\/dancing-diamonds\/","og_site_name":"Carneval-Verein Zornheim 1931 e.V.","article_modified_time":"2026-04-16T15:28:33+00:00","og_image":[{"width":2296,"height":1722,"url":"https:\/\/c-v-z.de\/wp-content\/uploads\/2025\/11\/P1140147.jpg","type":"image\/jpeg"}],"twitter_card":"summary_large_image","twitter_misc":{"Gesch\u00e4tzte Lesezeit":"1\u00a0Minute"},"schema":{"@context":"https:\/\/schema.org","@graph":[{"@type":"WebPage","@id":"https:\/\/c-v-z.de\/index.php\/dancing-diamonds\/","url":"https:\/\/c-v-z.de\/index.php\/dancing-diamonds\/","name":"Dancing Diamonds - Carneval-Verein Zornheim 1931 e.V.","isPartOf":{"@id":"https:\/\/c-v-z.de\/#website"},"primaryImageOfPage":{"@id":"https:\/\/c-v-z.de\/index.php\/dancing-diamonds\/#primaryimage"},"image":{"@id":"https:\/\/c-v-z.de\/index.php\/dancing-diamonds\/#primaryimage"},"thumbnailUrl":"https:\/\/c-v-z.de\/wp-content\/uploads\/2025\/11\/P1140147-1024x768.jpg","datePublished":"2025-11-09T19:35:37+00:00","dateModified":"2026-04-16T15:28:33+00:00","breadcrumb":{"@id":"https:\/\/c-v-z.de\/index.php\/dancing-diamonds\/#breadcrumb"},"inLanguage":"de","potentialAction":[{"@type":"ReadAction","target":["https:\/\/c-v-z.de\/index.php\/dancing-diamonds\/"]}]},{"@type":"ImageObject","inLanguage":"de","@id":"https:\/\/c-v-z.de\/index.php\/dancing-diamonds\/#primaryimage","url":"https:\/\/c-v-z.de\/wp-content\/uploads\/2025\/11\/P1140147.jpg","contentUrl":"https:\/\/c-v-z.de\/wp-content\/uploads\/2025\/11\/P1140147.jpg","width":2296,"height":1722},{"@type":"BreadcrumbList","@id":"https:\/\/c-v-z.de\/index.php\/dancing-diamonds\/#breadcrumb","itemListElement":[{"@type":"ListItem","position":1,"name":"Startseite","item":"https:\/\/c-v-z.de\/"},{"@type":"ListItem","position":2,"name":"Dancing Diamonds"}]},{"@type":"WebSite","@id":"https:\/\/c-v-z.de\/#website","url":"https:\/\/c-v-z.de\/","name":"Carneval-Verein Zornheim 1931 e.V.","description":"","publisher":{"@id":"https:\/\/c-v-z.de\/#organization"},"potentialAction":[{"@type":"SearchAction","target":{"@type":"EntryPoint","urlTemplate":"https:\/\/c-v-z.de\/?s={search_term_string}"},"query-input":{"@type":"PropertyValueSpecification","valueRequired":true,"valueName":"search_term_string"}}],"inLanguage":"de"},{"@type":"Organization","@id":"https:\/\/c-v-z.de\/#organization","name":"Carneval-Verein Zornheim 1931 e.V.","url":"https:\/\/c-v-z.de\/","logo":{"@type":"ImageObject","inLanguage":"de","@id":"https:\/\/c-v-z.de\/#\/schema\/logo\/image\/","url":"https:\/\/c-v-z.de\/wp-content\/uploads\/2025\/10\/Carneval-Verein-Zornheim.png","contentUrl":"https:\/\/c-v-z.de\/wp-content\/uploads\/2025\/10\/Carneval-Verein-Zornheim.png","width":1200,"height":1000,"caption":"Carneval-Verein Zornheim 1931 e.V."},"image":{"@id":"https:\/\/c-v-z.de\/#\/schema\/logo\/image\/"}}]}},"_links":{"self":[{"href":"https:\/\/c-v-z.de\/index.php\/wp-json\/wp\/v2\/pages\/118","targetHints":{"allow":["GET"]}}],"collection":[{"href":"https:\/\/c-v-z.de\/index.php\/wp-json\/wp\/v2\/pages"}],"about":[{"href":"https:\/\/c-v-z.de\/index.php\/wp-json\/wp\/v2\/types\/page"}],"author":[{"embeddable":true,"href":"https:\/\/c-v-z.de\/index.php\/wp-json\/wp\/v2\/users\/2"}],"replies":[{"embeddable":true,"href":"https:\/\/c-v-z.de\/index.php\/wp-json\/wp\/v2\/comments?post=118"}],"version-history":[{"count":11,"href":"https:\/\/c-v-z.de\/index.php\/wp-json\/wp\/v2\/pages\/118\/revisions"}],"predecessor-version":[{"id":279,"href":"https:\/\/c-v-z.de\/index.php\/wp-json\/wp\/v2\/pages\/118\/revisions\/279"}],"wp:attachment":[{"href":"https:\/\/c-v-z.de\/index.php\/wp-json\/wp\/v2\/media?parent=118"}],"curies":[{"name":"wp","href":"https:\/\/api.w.org\/{rel}","templated":true}]}}