{"id":109,"date":"2025-11-09T19:15:48","date_gmt":"2025-11-09T19:15:48","guid":{"rendered":"https:\/\/c-v-z.de\/?page_id=109"},"modified":"2026-04-16T15:16:39","modified_gmt":"2026-04-16T15:16:39","slug":"weibersitzung","status":"publish","type":"page","link":"https:\/\/c-v-z.de\/index.php\/veranstaltungen\/weibersitzung\/","title":{"rendered":"Weibersitzung"},"content":{"rendered":"\n<p class=\"has-text-align-center\">Die Zornheimer Weibersitzung ist unsere &#8222;j\u00fcngste&#8220; Veranstaltung in der n\u00e4rrischen Kampagne und findet j\u00e4hrlich am Altweiberdonnerstag mit wechselndem Programm statt. Im Mittelpunkt steht ein Abend <strong>ausschlie\u00dflich f\u00fcr Frauen<\/strong> mit Musik, Tanz und B\u00fchnenshow.<\/p>\n\n\n\n<p class=\"has-text-align-center\">Geboten wird ein abwechslungsreiches Programm mit DJ, der in den Pausen f\u00fcr Stimmung sorgt, verschiedenen Showeinlagen, darunter Tanzgruppen, B\u00fcttenreden und Auftritten bekannter Musikgruppen sowie t\u00e4nzerische Darbietungen von M\u00e4nnertanzgruppen. <\/p>\n\n\n\n<p class=\"has-text-align-center\">Wir freuen uns schon auf den 04. Februar 2027, wenn es wieder hei\u00dft: &#8222;Wir Weiber treibens bunt, beim CVZ geht&#8217;s rund!&#8220;<\/p>\n","protected":false},"excerpt":{"rendered":"<p>Die Zornheimer Weibersitzung ist unsere &#8222;j\u00fcngste&#8220; Veranstaltung in der n\u00e4rrischen Kampagne und findet j\u00e4hrlich am Altweiberdonnerstag mit wechselndem Programm statt. Im Mittelpunkt steht ein Abend ausschlie\u00dflich f\u00fcr Frauen mit Musik, Tanz und B\u00fchnenshow. Geboten wird ein abwechslungsreiches Programm mit DJ, der in den Pausen f\u00fcr Stimmung sorgt, verschiedenen Showeinlagen, darunter Tanzgruppen, B\u00fcttenreden und Auftritten bekannter [&hellip;]<\/p>\n","protected":false},"author":2,"featured_media":0,"parent":25,"menu_order":0,"comment_status":"closed","ping_status":"closed","template":"","meta":{"footnotes":""},"class_list":["post-109","page","type-page","status-publish","hentry"],"yoast_head":"<!-- This site is optimized with the Yoast SEO plugin v26.3 - https:\/\/yoast.com\/wordpress\/plugins\/seo\/ -->\n<title>Weibersitzung - Carneval-Verein Zornheim 1931 e.V.<\/title>\n<meta name=\"robots\" content=\"index, follow, max-snippet:-1, max-image-preview:large, max-video-preview:-1\" \/>\n<link rel=\"canonical\" href=\"https:\/\/c-v-z.de\/index.php\/veranstaltungen\/weibersitzung\/\" \/>\n<meta property=\"og:locale\" content=\"de_DE\" \/>\n<meta property=\"og:type\" content=\"article\" \/>\n<meta property=\"og:title\" content=\"Weibersitzung - Carneval-Verein Zornheim 1931 e.V.\" \/>\n<meta property=\"og:description\" content=\"Die Zornheimer Weibersitzung ist unsere &#8222;j\u00fcngste&#8220; Veranstaltung in der n\u00e4rrischen Kampagne und findet j\u00e4hrlich am Altweiberdonnerstag mit wechselndem Programm statt. Im Mittelpunkt steht ein Abend ausschlie\u00dflich f\u00fcr Frauen mit Musik, Tanz und B\u00fchnenshow. Geboten wird ein abwechslungsreiches Programm mit DJ, der in den Pausen f\u00fcr Stimmung sorgt, verschiedenen Showeinlagen, darunter Tanzgruppen, B\u00fcttenreden und Auftritten bekannter [&hellip;]\" \/>\n<meta property=\"og:url\" content=\"https:\/\/c-v-z.de\/index.php\/veranstaltungen\/weibersitzung\/\" \/>\n<meta property=\"og:site_name\" content=\"Carneval-Verein Zornheim 1931 e.V.\" \/>\n<meta property=\"article:modified_time\" content=\"2026-04-16T15:16:39+00:00\" \/>\n<meta name=\"twitter:card\" content=\"summary_large_image\" \/>\n<meta name=\"twitter:label1\" content=\"Gesch\u00e4tzte Lesezeit\" \/>\n\t<meta name=\"twitter:data1\" content=\"1\u00a0Minute\" \/>\n<script type=\"application\/ld+json\" class=\"yoast-schema-graph\">{\"@context\":\"https:\/\/schema.org\",\"@graph\":[{\"@type\":\"WebPage\",\"@id\":\"https:\/\/c-v-z.de\/index.php\/veranstaltungen\/weibersitzung\/\",\"url\":\"https:\/\/c-v-z.de\/index.php\/veranstaltungen\/weibersitzung\/\",\"name\":\"Weibersitzung - Carneval-Verein Zornheim 1931 e.V.\",\"isPartOf\":{\"@id\":\"https:\/\/c-v-z.de\/#website\"},\"datePublished\":\"2025-11-09T19:15:48+00:00\",\"dateModified\":\"2026-04-16T15:16:39+00:00\",\"breadcrumb\":{\"@id\":\"https:\/\/c-v-z.de\/index.php\/veranstaltungen\/weibersitzung\/#breadcrumb\"},\"inLanguage\":\"de\",\"potentialAction\":[{\"@type\":\"ReadAction\",\"target\":[\"https:\/\/c-v-z.de\/index.php\/veranstaltungen\/weibersitzung\/\"]}]},{\"@type\":\"BreadcrumbList\",\"@id\":\"https:\/\/c-v-z.de\/index.php\/veranstaltungen\/weibersitzung\/#breadcrumb\",\"itemListElement\":[{\"@type\":\"ListItem\",\"position\":1,\"name\":\"Startseite\",\"item\":\"https:\/\/c-v-z.de\/\"},{\"@type\":\"ListItem\",\"position\":2,\"name\":\"Kommende Veranstaltungen\",\"item\":\"https:\/\/c-v-z.de\/index.php\/veranstaltungen\/\"},{\"@type\":\"ListItem\",\"position\":3,\"name\":\"Weibersitzung\"}]},{\"@type\":\"WebSite\",\"@id\":\"https:\/\/c-v-z.de\/#website\",\"url\":\"https:\/\/c-v-z.de\/\",\"name\":\"Carneval-Verein Zornheim 1931 e.V.\",\"description\":\"\",\"publisher\":{\"@id\":\"https:\/\/c-v-z.de\/#organization\"},\"potentialAction\":[{\"@type\":\"SearchAction\",\"target\":{\"@type\":\"EntryPoint\",\"urlTemplate\":\"https:\/\/c-v-z.de\/?s={search_term_string}\"},\"query-input\":{\"@type\":\"PropertyValueSpecification\",\"valueRequired\":true,\"valueName\":\"search_term_string\"}}],\"inLanguage\":\"de\"},{\"@type\":\"Organization\",\"@id\":\"https:\/\/c-v-z.de\/#organization\",\"name\":\"Carneval-Verein Zornheim 1931 e.V.\",\"url\":\"https:\/\/c-v-z.de\/\",\"logo\":{\"@type\":\"ImageObject\",\"inLanguage\":\"de\",\"@id\":\"https:\/\/c-v-z.de\/#\/schema\/logo\/image\/\",\"url\":\"https:\/\/c-v-z.de\/wp-content\/uploads\/2025\/10\/Carneval-Verein-Zornheim.png\",\"contentUrl\":\"https:\/\/c-v-z.de\/wp-content\/uploads\/2025\/10\/Carneval-Verein-Zornheim.png\",\"width\":1200,\"height\":1000,\"caption\":\"Carneval-Verein Zornheim 1931 e.V.\"},\"image\":{\"@id\":\"https:\/\/c-v-z.de\/#\/schema\/logo\/image\/\"}}]}<\/script>\n<!-- \/ Yoast SEO plugin. -->","yoast_head_json":{"title":"Weibersitzung - Carneval-Verein Zornheim 1931 e.V.","robots":{"index":"index","follow":"follow","max-snippet":"max-snippet:-1","max-image-preview":"max-image-preview:large","max-video-preview":"max-video-preview:-1"},"canonical":"https:\/\/c-v-z.de\/index.php\/veranstaltungen\/weibersitzung\/","og_locale":"de_DE","og_type":"article","og_title":"Weibersitzung - Carneval-Verein Zornheim 1931 e.V.","og_description":"Die Zornheimer Weibersitzung ist unsere &#8222;j\u00fcngste&#8220; Veranstaltung in der n\u00e4rrischen Kampagne und findet j\u00e4hrlich am Altweiberdonnerstag mit wechselndem Programm statt. Im Mittelpunkt steht ein Abend ausschlie\u00dflich f\u00fcr Frauen mit Musik, Tanz und B\u00fchnenshow. Geboten wird ein abwechslungsreiches Programm mit DJ, der in den Pausen f\u00fcr Stimmung sorgt, verschiedenen Showeinlagen, darunter Tanzgruppen, B\u00fcttenreden und Auftritten bekannter [&hellip;]","og_url":"https:\/\/c-v-z.de\/index.php\/veranstaltungen\/weibersitzung\/","og_site_name":"Carneval-Verein Zornheim 1931 e.V.","article_modified_time":"2026-04-16T15:16:39+00:00","twitter_card":"summary_large_image","twitter_misc":{"Gesch\u00e4tzte Lesezeit":"1\u00a0Minute"},"schema":{"@context":"https:\/\/schema.org","@graph":[{"@type":"WebPage","@id":"https:\/\/c-v-z.de\/index.php\/veranstaltungen\/weibersitzung\/","url":"https:\/\/c-v-z.de\/index.php\/veranstaltungen\/weibersitzung\/","name":"Weibersitzung - Carneval-Verein Zornheim 1931 e.V.","isPartOf":{"@id":"https:\/\/c-v-z.de\/#website"},"datePublished":"2025-11-09T19:15:48+00:00","dateModified":"2026-04-16T15:16:39+00:00","breadcrumb":{"@id":"https:\/\/c-v-z.de\/index.php\/veranstaltungen\/weibersitzung\/#breadcrumb"},"inLanguage":"de","potentialAction":[{"@type":"ReadAction","target":["https:\/\/c-v-z.de\/index.php\/veranstaltungen\/weibersitzung\/"]}]},{"@type":"BreadcrumbList","@id":"https:\/\/c-v-z.de\/index.php\/veranstaltungen\/weibersitzung\/#breadcrumb","itemListElement":[{"@type":"ListItem","position":1,"name":"Startseite","item":"https:\/\/c-v-z.de\/"},{"@type":"ListItem","position":2,"name":"Kommende Veranstaltungen","item":"https:\/\/c-v-z.de\/index.php\/veranstaltungen\/"},{"@type":"ListItem","position":3,"name":"Weibersitzung"}]},{"@type":"WebSite","@id":"https:\/\/c-v-z.de\/#website","url":"https:\/\/c-v-z.de\/","name":"Carneval-Verein Zornheim 1931 e.V.","description":"","publisher":{"@id":"https:\/\/c-v-z.de\/#organization"},"potentialAction":[{"@type":"SearchAction","target":{"@type":"EntryPoint","urlTemplate":"https:\/\/c-v-z.de\/?s={search_term_string}"},"query-input":{"@type":"PropertyValueSpecification","valueRequired":true,"valueName":"search_term_string"}}],"inLanguage":"de"},{"@type":"Organization","@id":"https:\/\/c-v-z.de\/#organization","name":"Carneval-Verein Zornheim 1931 e.V.","url":"https:\/\/c-v-z.de\/","logo":{"@type":"ImageObject","inLanguage":"de","@id":"https:\/\/c-v-z.de\/#\/schema\/logo\/image\/","url":"https:\/\/c-v-z.de\/wp-content\/uploads\/2025\/10\/Carneval-Verein-Zornheim.png","contentUrl":"https:\/\/c-v-z.de\/wp-content\/uploads\/2025\/10\/Carneval-Verein-Zornheim.png","width":1200,"height":1000,"caption":"Carneval-Verein Zornheim 1931 e.V."},"image":{"@id":"https:\/\/c-v-z.de\/#\/schema\/logo\/image\/"}}]}},"_links":{"self":[{"href":"https:\/\/c-v-z.de\/index.php\/wp-json\/wp\/v2\/pages\/109","targetHints":{"allow":["GET"]}}],"collection":[{"href":"https:\/\/c-v-z.de\/index.php\/wp-json\/wp\/v2\/pages"}],"about":[{"href":"https:\/\/c-v-z.de\/index.php\/wp-json\/wp\/v2\/types\/page"}],"author":[{"embeddable":true,"href":"https:\/\/c-v-z.de\/index.php\/wp-json\/wp\/v2\/users\/2"}],"replies":[{"embeddable":true,"href":"https:\/\/c-v-z.de\/index.php\/wp-json\/wp\/v2\/comments?post=109"}],"version-history":[{"count":5,"href":"https:\/\/c-v-z.de\/index.php\/wp-json\/wp\/v2\/pages\/109\/revisions"}],"predecessor-version":[{"id":271,"href":"https:\/\/c-v-z.de\/index.php\/wp-json\/wp\/v2\/pages\/109\/revisions\/271"}],"up":[{"embeddable":true,"href":"https:\/\/c-v-z.de\/index.php\/wp-json\/wp\/v2\/pages\/25"}],"wp:attachment":[{"href":"https:\/\/c-v-z.de\/index.php\/wp-json\/wp\/v2\/media?parent=109"}],"curies":[{"name":"wp","href":"https:\/\/api.w.org\/{rel}","templated":true}]}}